{"id":2024,"date":"2021-01-18T12:08:27","date_gmt":"2021-01-18T11:08:27","guid":{"rendered":"http:\/\/www.dolmetschergruppe.de\/tschech\/?page_id=2024"},"modified":"2021-01-20T15:07:23","modified_gmt":"2021-01-20T14:07:23","slug":"ritschel-tschech","status":"publish","type":"page","link":"http:\/\/www.dolmetschergruppe.de\/tschech\/ritschel-tschech\/","title":{"rendered":"Ritschel-tschech"},"content":{"rendered":"<p>[et_pb_section fb_built=&#8220;1&#8243; admin_label=&#8220;section&#8220; module_id=&#8220;header&#8220; _builder_version=&#8220;3.22&#8243; custom_padding=&#8220;0px|0px|0px|0px&#8220; transparent_background=&#8220;off&#8220; make_fullwidth=&#8220;off&#8220; use_custom_width=&#8220;off&#8220; width_unit=&#8220;on&#8220;][et_pb_row module_id=&#8220;sprachenmobile&#8220; _builder_version=&#8220;4.7.7&#8243; _module_preset=&#8220;default&#8220;][et_pb_column type=&#8220;4_4&#8243; _builder_version=&#8220;4.7.7&#8243; _module_preset=&#8220;default&#8220;][et_pb_sidebar area=&#8220;et_pb_widget_area_3&#8243; admin_label=&#8220;Box f\u00fcr Button Sprachversion mobile&#8220; module_class=&#8220;sprach-version&#8220; _builder_version=&#8220;4.7.7&#8243; _module_preset=&#8220;default&#8220;][\/et_pb_sidebar][\/et_pb_column][\/et_pb_row][et_pb_row column_structure=&#8220;3_4,1_4&#8243; module_class=&#8220;box-pict-head et_pb_row_fullwidth et_pb_row_fullwidth&#8220; _builder_version=&#8220;3.25&#8243; background_color=&#8220;rgba(255,255,255,0)&#8220; background_size=&#8220;initial&#8220; background_position=&#8220;top_left&#8220; background_repeat=&#8220;repeat&#8220; width=&#8220;100%&#8220; width_tablet=&#8220;100%&#8220; width_phone=&#8220;&#8220; width_last_edited=&#8220;on|desktop&#8220; max_width=&#8220;100%&#8220; max_width_tablet=&#8220;100%&#8220; max_width_phone=&#8220;&#8220; max_width_last_edited=&#8220;on|desktop&#8220; make_fullwidth=&#8220;on&#8220; use_custom_width=&#8220;off&#8220; width_unit=&#8220;on&#8220;][et_pb_column type=&#8220;3_4&#8243; _builder_version=&#8220;3.25&#8243; background_color=&#8220;#ffffff&#8220; custom_padding=&#8220;|||&#8220; custom_padding__hover=&#8220;|||&#8220;][et_pb_image src=&#8220;http:\/\/www.dolmetschergruppe.de\/tschech\/wp-content\/uploads\/sites\/5\/2021\/01\/pict_head_home.jpg&#8220; show_bottom_space=&#8220;off&#8220; align_tablet=&#8220;center&#8220; align_phone=&#8220;&#8220; align_last_edited=&#8220;on|desktop&#8220; module_class=&#8220;pict-head&#8220; _builder_version=&#8220;3.23&#8243; animation=&#8220;off&#8220; sticky=&#8220;on&#8220; use_border_color=&#8220;off&#8220; border_color=&#8220;#ffffff&#8220; border_style=&#8220;solid&#8220; always_center_on_mobile=&#8220;on&#8220;][\/et_pb_image][\/et_pb_column][et_pb_column type=&#8220;1_4&#8243; _builder_version=&#8220;3.25&#8243; background_color=&#8220;#ffffff&#8220; custom_padding=&#8220;|||&#8220; custom_padding__hover=&#8220;|||&#8220;][et_pb_image src=&#8220;http:\/\/www.dolmetschergruppe.de\/tschech\/wp-content\/uploads\/sites\/5\/2021\/01\/logo-big.png&#8220; alt=&#8220;Dolmetschergruppe Frankfurt&#8220; show_bottom_space=&#8220;off&#8220; align_tablet=&#8220;center&#8220; align_phone=&#8220;&#8220; align_last_edited=&#8220;on|desktop&#8220; admin_label=&#8220;Logo&#8220; module_class=&#8220;logo&#8220; _builder_version=&#8220;4.7.7&#8243; custom_margin=&#8220;0px|0px|0px|0px&#8220; hover_enabled=&#8220;0&#8243; animation=&#8220;off&#8220; sticky=&#8220;on&#8220; use_border_color=&#8220;off&#8220; border_color=&#8220;#ffffff&#8220; border_style=&#8220;solid&#8220; always_center_on_mobile=&#8220;on&#8220; url=&#8220;http:\/\/www.dolmetschergruppe.de\/tschech&#8220; sticky_enabled=&#8220;0&#8243;][\/et_pb_image][\/et_pb_column][\/et_pb_row][\/et_pb_section][et_pb_section fb_built=&#8220;1&#8243; module_id=&#8220;content&#8220; _builder_version=&#8220;3.22&#8243; background_color=&#8220;rgba(255,255,255,0)&#8220; custom_css_main_element=&#8220;background-position:0; background-repeat:repeat-y; background-size:1130px 100% !important;&#8220; transparent_background=&#8220;on&#8220;][et_pb_row column_structure=&#8220;1_4,1_2,1_4&#8243; make_equal=&#8220;on&#8220; module_class=&#8220; et_pb_row_fullwidth et_pb_row_fullwidth&#8220; _builder_version=&#8220;3.25&#8243; background_size=&#8220;initial&#8220; background_position=&#8220;top_left&#8220; background_repeat=&#8220;repeat&#8220; width=&#8220;100%&#8220; width_tablet=&#8220;100%&#8220; width_phone=&#8220;&#8220; width_last_edited=&#8220;on|desktop&#8220; max_width=&#8220;100%&#8220; max_width_tablet=&#8220;100%&#8220; max_width_phone=&#8220;&#8220; max_width_last_edited=&#8220;on|desktop&#8220; make_fullwidth=&#8220;on&#8220; use_custom_width=&#8220;off&#8220; width_unit=&#8220;on&#8220;][et_pb_column type=&#8220;1_4&#8243; module_class=&#8220;left-column&#8220; _builder_version=&#8220;3.25&#8243; background_color=&#8220;rgba(224,43,32,0)&#8220; custom_padding=&#8220;|||&#8220; custom_padding__hover=&#8220;|||&#8220;][et_pb_sidebar area=&#8220;et_pb_widget_area_1&#8243; show_border=&#8220;off&#8220; admin_label=&#8220;Hauptmen\u00fc&#8220; module_class=&#8220;mainmenu&#8220; _builder_version=&#8220;4.7.7&#8243; remove_border=&#8220;off&#8220;][\/et_pb_sidebar][et_pb_image src=&#8220;http:\/\/www.dolmetschergruppe.de\/tschech\/wp-content\/uploads\/sites\/5\/2021\/01\/ritschel.jpg&#8220; align=&#8220;center&#8220; align_tablet=&#8220;center&#8220; align_phone=&#8220;&#8220; align_last_edited=&#8220;on|desktop&#8220; module_class=&#8220;pict-portrait&#8220; _builder_version=&#8220;3.23&#8243; animation=&#8220;off&#8220; sticky=&#8220;off&#8220; use_border_color=&#8220;off&#8220; border_color=&#8220;#ffffff&#8220; border_style=&#8220;solid&#8220; always_center_on_mobile=&#8220;on&#8220;][\/et_pb_image][et_pb_text module_class=&#8220;bu-person&#8220; _builder_version=&#8220;3.27.4&#8243; background_size=&#8220;initial&#8220; background_position=&#8220;top_left&#8220; background_repeat=&#8220;repeat&#8220; module_alignment=&#8220;left&#8220; use_border_color=&#8220;off&#8220; border_color=&#8220;#ffffff&#8220; border_style=&#8220;solid&#8220;]Dr. Katarzyna Ritschel<br \/>\n[\/et_pb_text][\/et_pb_column][et_pb_column type=&#8220;1_2&#8243; module_class=&#8220;content person&#8220; _builder_version=&#8220;3.25&#8243; background_color=&#8220;#ecf4f3&#8243; custom_padding=&#8220;|||&#8220; custom_padding__hover=&#8220;|||&#8220;][et_pb_text admin_label=&#8220;Name&#8220; _builder_version=&#8220;4.7.7&#8243; background_size=&#8220;initial&#8220; background_position=&#8220;top_left&#8220; background_repeat=&#8220;repeat&#8220; module_alignment=&#8220;left&#8220; use_border_color=&#8220;off&#8220; border_color=&#8220;#ffffff&#8220; border_style=&#8220;solid&#8220;]<\/p>\n<table>\n<tbody>\n<tr>\n<td class=\"info\">Jm\u00e9no<\/td>\n<td class=\"daten\"><strong>Dr. Katarzyna Ritschel<\/strong><\/td>\n<\/tr>\n<\/tbody>\n<\/table>\n<p>[\/et_pb_text][et_pb_divider show_divider=&#8220;off&#8220; disabled_on=&#8220;on|on|off&#8220; _builder_version=&#8220;3.2&#8243; height=&#8220;10px&#8220; hide_on_mobile=&#8220;on&#8220;][\/et_pb_divider][et_pb_text admin_label=&#8220;Adresse&#8220; _builder_version=&#8220;4.7.7&#8243; background_size=&#8220;initial&#8220; background_position=&#8220;top_left&#8220; background_repeat=&#8220;repeat&#8220; module_alignment=&#8220;left&#8220; use_border_color=&#8220;off&#8220; border_color=&#8220;#ffffff&#8220; border_style=&#8220;solid&#8220;]<\/p>\n<table>\n<tbody>\n<tr>\n<td class=\"info\">Ulice, \u010d.<\/td>\n<td class=\"daten\">Gro\u00dfe Friedberger Str. 30<\/td>\n<\/tr>\n<tr>\n<td class=\"info\">PS\u010c, m\u011bsto<\/td>\n<td class=\"daten\">60313 Frankfurt nad Mohanem<\/td>\n<\/tr>\n<tr>\n<td class=\"info\">Telefon<\/td>\n<td class=\"daten\"><a href=\"tel:+49-6915048488\">069 \u2013 150 48 488<\/a><\/td>\n<\/tr>\n<tr>\n<td class=\"info\">Mobil<\/td>\n<td class=\"daten\"><a href=\"tel:+49-16094436655\">0160 &#8211; 944 366 55<\/a><\/td>\n<\/tr>\n<tr>\n<td class=\"info\">Fax<\/td>\n<td class=\"daten\"><a href=\"tel:+49-6915048486\">069 \u2013 150 48 486<\/a><\/td>\n<\/tr>\n<tr>\n<td class=\"info\">E-Mail<\/td>\n<td class=\"daten\"><a href=\"mailto:ka&#116;&#97;&#114;z&#121;&#110;a&#46;&#114;it&#115;&#99;h&#101;l&#64;d&#111;&#108;me&#116;schergr&#117;&#112;&#112;&#101;.&#100;&#101;\">kat&#97;&#114;zy&#110;a.&#114;&#105;t&#115;chel&#64;dolm&#101;&#116;&#115;che&#114;&#103;&#114;&#117;&#112;p&#101;&#46;de<\/a><\/td>\n<\/tr>\n<\/tbody>\n<\/table>\n<p>[\/et_pb_text][et_pb_divider show_divider=&#8220;off&#8220; disabled_on=&#8220;on|on|off&#8220; _builder_version=&#8220;3.2&#8243; height=&#8220;10px&#8220; hide_on_mobile=&#8220;on&#8220;][\/et_pb_divider][et_pb_text admin_label=&#8220;Qualifikation\/Person&#8220; _builder_version=&#8220;4.7.7&#8243; background_size=&#8220;initial&#8220; background_position=&#8220;top_left&#8220; background_repeat=&#8220;repeat&#8220; module_alignment=&#8220;left&#8220; z_index_tablet=&#8220;500&#8243; text_text_shadow_horizontal_length_tablet=&#8220;0px&#8220; text_text_shadow_vertical_length_tablet=&#8220;0px&#8220; text_text_shadow_blur_strength_tablet=&#8220;1px&#8220; link_text_shadow_horizontal_length_tablet=&#8220;0px&#8220; link_text_shadow_vertical_length_tablet=&#8220;0px&#8220; link_text_shadow_blur_strength_tablet=&#8220;1px&#8220; ul_text_shadow_horizontal_length_tablet=&#8220;0px&#8220; ul_text_shadow_vertical_length_tablet=&#8220;0px&#8220; ul_text_shadow_blur_strength_tablet=&#8220;1px&#8220; ol_text_shadow_horizontal_length_tablet=&#8220;0px&#8220; ol_text_shadow_vertical_length_tablet=&#8220;0px&#8220; ol_text_shadow_blur_strength_tablet=&#8220;1px&#8220; quote_text_shadow_horizontal_length_tablet=&#8220;0px&#8220; quote_text_shadow_vertical_length_tablet=&#8220;0px&#8220; quote_text_shadow_blur_strength_tablet=&#8220;1px&#8220; header_text_shadow_horizontal_length_tablet=&#8220;0px&#8220; header_text_shadow_vertical_length_tablet=&#8220;0px&#8220; header_text_shadow_blur_strength_tablet=&#8220;1px&#8220; header_2_text_shadow_horizontal_length_tablet=&#8220;0px&#8220; header_2_text_shadow_vertical_length_tablet=&#8220;0px&#8220; header_2_text_shadow_blur_strength_tablet=&#8220;1px&#8220; header_3_text_shadow_horizontal_length_tablet=&#8220;0px&#8220; header_3_text_shadow_vertical_length_tablet=&#8220;0px&#8220; header_3_text_shadow_blur_strength_tablet=&#8220;1px&#8220; header_4_text_shadow_horizontal_length_tablet=&#8220;0px&#8220; header_4_text_shadow_vertical_length_tablet=&#8220;0px&#8220; header_4_text_shadow_blur_strength_tablet=&#8220;1px&#8220; header_5_text_shadow_horizontal_length_tablet=&#8220;0px&#8220; header_5_text_shadow_vertical_length_tablet=&#8220;0px&#8220; header_5_text_shadow_blur_strength_tablet=&#8220;1px&#8220; header_6_text_shadow_horizontal_length_tablet=&#8220;0px&#8220; header_6_text_shadow_vertical_length_tablet=&#8220;0px&#8220; header_6_text_shadow_blur_strength_tablet=&#8220;1px&#8220; box_shadow_horizontal_tablet=&#8220;0px&#8220; box_shadow_vertical_tablet=&#8220;0px&#8220; box_shadow_blur_tablet=&#8220;40px&#8220; box_shadow_spread_tablet=&#8220;0px&#8220; use_border_color=&#8220;off&#8220;]<\/p>\n<table>\n<tbody>\n<tr>\n<td class=\"info\">Kvalifikace<\/td>\n<td class=\"daten\">P\u0159\u00edse\u017en\u00e1 tlumo\u010dnice a zmocn\u011bn\u00e1 p\u0159ekladatelka polsk\u00e9ho, rusk\u00e9ho a \u0161pan\u011blsk\u00e9ho jazyka pro soudy a not\u00e1\u0159e; \u010dlenka Spolkov\u00e9ho svazu tlumo\u010dn\u00edk\u016f a p\u0159ekladatel\u016f (BD\u00dc) a ve Svazu zmocn\u011bn\u00fdch soudn\u00edch tlumo\u010dn\u00edk\u016f a p\u0159ekladatel\u016f \/ Hessensko, zapsan\u00fd svaz  (VGD\u00dc)<\/td>\n<\/tr>\n<tr>\n<td class=\"info\">\u010cinn\u00e1 od<\/td>\n<td class=\"daten\">2001<\/td>\n<\/tr>\n<tr>\n<td class=\"info\">Osobn\u00ed \u00fadaje<\/td>\n<td class=\"daten\">Studium v N\u011bmecku a v Polsku; mezin\u00e1rodn\u00ed zku\u0161enosti z pr\u00e1ce v Belgii, ve Francii, Velk\u00e9 Brit\u00e1nii, It\u00e1lii a ve st\u0159edoasijsk\u00fdch republk\u00e1ch st\u00e1t\u016f SNS<\/td>\n<\/tr>\n<\/tbody>\n<\/table>\n<p>[\/et_pb_text][et_pb_divider show_divider=&#8220;off&#8220; disabled_on=&#8220;on|on|off&#8220; _builder_version=&#8220;3.2&#8243; height=&#8220;10px&#8220; hide_on_mobile=&#8220;on&#8220;][\/et_pb_divider][et_pb_text admin_label=&#8220;Steuernummer, Aufsichtsbeh\u00f6rde&#8220; _builder_version=&#8220;4.7.7&#8243; background_size=&#8220;initial&#8220; background_position=&#8220;top_left&#8220; background_repeat=&#8220;repeat&#8220; module_alignment=&#8220;left&#8220; use_border_color=&#8220;off&#8220; border_color=&#8220;#ffffff&#8220; border_style=&#8220;solid&#8220;]<\/p>\n<table>\n<tbody>\n<tr>\n<td class=\"info\">DI\u010c:<\/td>\n<td class=\"daten\">DE 243729580<\/td>\n<\/tr>\n<\/tbody>\n<\/table>\n<p>[\/et_pb_text][et_pb_divider show_divider=&#8220;off&#8220; disabled_on=&#8220;on|on|off&#8220; _builder_version=&#8220;3.2&#8243; height=&#8220;10px&#8220; hide_on_mobile=&#8220;on&#8220;][\/et_pb_divider][et_pb_text admin_label=&#8220;Sprachen&#8220; _builder_version=&#8220;4.7.7&#8243; background_size=&#8220;initial&#8220; background_position=&#8220;top_left&#8220; background_repeat=&#8220;repeat&#8220; module_alignment=&#8220;left&#8220; use_border_color=&#8220;off&#8220; border_color=&#8220;#ffffff&#8220; border_style=&#8220;solid&#8220;]<\/p>\n<table>\n<tbody>\n<tr>\n<td class=\"info\">Jazyky<\/td>\n<td class=\"daten\">Pol\u0161tina (mate\u0159\u0161tina), n\u011bm\u010dina (1. pracovn\u00ed jazyk), angli\u010dtina, ru\u0161tina, \u0161pan\u011bl\u0161tina (2. pracovn\u00ed jazyk)<\/td>\n<\/tr>\n<\/tbody>\n<\/table>\n<p>[\/et_pb_text][et_pb_divider show_divider=&#8220;off&#8220; disabled_on=&#8220;on|on|off&#8220; _builder_version=&#8220;3.2&#8243; height=&#8220;10px&#8220; hide_on_mobile=&#8220;on&#8220;][\/et_pb_divider][et_pb_text admin_label=&#8220;Einsatzformen&#8220; _builder_version=&#8220;4.7.7&#8243; background_size=&#8220;initial&#8220; background_position=&#8220;top_left&#8220; background_repeat=&#8220;repeat&#8220; module_alignment=&#8220;left&#8220; use_border_color=&#8220;off&#8220; border_color=&#8220;#ffffff&#8220; border_style=&#8220;solid&#8220;]<\/p>\n<table>\n<tbody>\n<tr>\n<td class=\"info\">Formy uplatn\u011bn\u00ed<\/td>\n<td class=\"daten liste \">\n<ul>\n<li>konfere\u010dn\u00ed tlumo\u010den\u00ed<\/li>\n<li>konsekutivn\u00ed tlumo\u010den\u00ed<\/li>\n<li>tlumo\u010den\u00ed p\u0159i jedn\u00e1n\u00edch<\/li>\n<li>chuchotage<\/li>\n<li>odborn\u00e9 p\u0159eklady<\/li>\n<\/ul>\n<\/td>\n<\/tr>\n<\/tbody>\n<\/table>\n<p>[\/et_pb_text][et_pb_divider show_divider=&#8220;off&#8220; disabled_on=&#8220;on|on|off&#8220; _builder_version=&#8220;3.2&#8243; height=&#8220;10px&#8220; hide_on_mobile=&#8220;on&#8220;][\/et_pb_divider][et_pb_text admin_label=&#8220;Fachgebiete&#8220; _builder_version=&#8220;4.7.7&#8243; background_size=&#8220;initial&#8220; background_position=&#8220;top_left&#8220; background_repeat=&#8220;repeat&#8220; module_alignment=&#8220;left&#8220; use_border_color=&#8220;off&#8220; border_color=&#8220;#ffffff&#8220; border_style=&#8220;solid&#8220;]<\/p>\n<table>\n<tbody>\n<tr>\n<td class=\"info\">Specializace<\/td>\n<td class=\"daten\">Evropsk\u00e1 unie, l\u00e9ka\u0159stv\u00ed, politika, pr\u00e1vo: trestn\u00ed a ob\u010dansk\u00e9 pr\u00e1vo, vysv\u011bd\u010den\u00ed; hospod\u00e1\u0159stv\u00ed: zahrani\u010dn\u00ed hospod\u00e1\u0159stv\u00ed, automobilov\u00fd pr\u016fmysl, marketink, \u00fa\u010detnictv\u00ed, dan\u011b, technika, pr\u00e1vo, politika, m\u00e9dia (interviews), jedn\u00e1n\u00ed, l\u00e9ka\u0159stv\u00ed, pr\u016fmysl, Evropsk\u00e1 unie; T\u0142umaczenia przysi\u0119g\u0142e i zwyk\u0142e w formie pisemnej i ustnej na j\u0119zyk polski i niemiecki dla urz\u0119d\u00f3w, s\u0105d\u00f3w, klient\u00f3w indywidualnych i firm; T\u0142umaczenia \u015bwiadectw, pism, um\u00f3w, broszur i innych; T\u0142umaczenia konferencyjne, t\u0142umaczenia rozm\u00f3w handlowych i t\u0142umaczenia podczas zawierania um\u00f3w notarialnych; En mi calidad de Traductor P\u00fablico y Jurado de Espa\u00f1ol y Alem\u00e1n, estoy autorizado a hacer traducciones oficiales legalizadas de todo tipo de documentos del alem\u00e1n al espa\u00f1ol y viceversa; \u041f\u0438\u0441\u044c\u043c\u0435\u043d\u043d\u044b\u0435 \u0438 \u0443\u0441\u0442\u043d\u044b\u0435 \u043f\u0435\u0440\u0435\u0432\u043e\u0434\u044b \u0441 \u0440\u0443\u0441\u0441\u043a\u043e\u0433\u043e \u044f\u0437\u044b\u043a\u0430 \u043d\u0430 \u043d\u0435\u043c\u0435\u0446\u043a\u0438\u0439 \u0438 \u0441 \u043d\u0435\u043c\u0435\u0446\u043a\u043e\u0433\u043e \u043d\u0430 \u0440\u0443\u0441\u0441\u043a\u0438\u0439 \u0441 \u0437\u0430\u0432\u0435\u0440\u0435\u043d\u0438\u0435\u043c;;<\/td>\n<\/tr>\n<\/tbody>\n<\/table>\n<p>[\/et_pb_text][\/et_pb_column][et_pb_column type=&#8220;1_4&#8243; module_class=&#8220;right-column&#8220; _builder_version=&#8220;3.25&#8243; background_color=&#8220;#ffffff&#8220; custom_padding=&#8220;|||&#8220; custom_padding__hover=&#8220;|||&#8220;][et_pb_sidebar area=&#8220;et_pb_widget_area_3&#8243; admin_label=&#8220;Sprachversionen&#8220; module_class=&#8220;sprach-version&#8220; _builder_version=&#8220;4.7.7&#8243; _module_preset=&#8220;default&#8220;][\/et_pb_sidebar][\/et_pb_column][\/et_pb_row][\/et_pb_section]<\/p>\n","protected":false},"excerpt":{"rendered":"<p>Dr. Katarzyna Ritschel Jm\u00e9no Dr. Katarzyna Ritschel Ulice, \u010d. Gro\u00dfe Friedberger Str. 30 PS\u010c, m\u011bsto 60313 Frankfurt nad Mohanem Telefon 069 \u2013 150 48 488 Mobil 0160 &#8211; 944 366 55 Fax 069 \u2013 150 48 486 E-Mail <a href=\"mailto:k&#97;ta&#114;&#122;&#121;n&#97;.r&#105;ts&#99;h&#101;&#108;&#64;&#100;olme&#116;&#115;c&#104;&#101;rgrupp&#101;&#46;d&#101;\">k&#97;t&#97;rz&#121;&#110;a&#46;r&#105;t&#115;&#99;&#104;&#101;l&#64;&#100;&#111;lm&#101;&#116;&#115;chergr&#117;&#112;&#112;&#101;.&#100;&#101;<\/a> KvalifikaceP\u0159\u00edse\u017en\u00e1 tlumo\u010dnice a zmocn\u011bn\u00e1 p\u0159ekladatelka polsk\u00e9ho, rusk\u00e9ho a \u0161pan\u011blsk\u00e9ho jazyka pro soudy a not\u00e1\u0159e; \u010dlenka Spolkov\u00e9ho [&hellip;]<\/p>\n","protected":false},"author":1,"featured_media":0,"parent":0,"menu_order":40,"comment_status":"closed","ping_status":"closed","template":"","meta":{"_et_pb_use_builder":"on","_et_pb_old_content":"","_et_gb_content_width":""},"_links":{"self":[{"href":"http:\/\/www.dolmetschergruppe.de\/tschech\/wp-json\/wp\/v2\/pages\/2024"}],"collection":[{"href":"http:\/\/www.dolmetschergruppe.de\/tschech\/wp-json\/wp\/v2\/pages"}],"about":[{"href":"http:\/\/www.dolmetschergruppe.de\/tschech\/wp-json\/wp\/v2\/types\/page"}],"author":[{"embeddable":true,"href":"http:\/\/www.dolmetschergruppe.de\/tschech\/wp-json\/wp\/v2\/users\/1"}],"replies":[{"embeddable":true,"href":"http:\/\/www.dolmetschergruppe.de\/tschech\/wp-json\/wp\/v2\/comments?post=2024"}],"version-history":[{"count":4,"href":"http:\/\/www.dolmetschergruppe.de\/tschech\/wp-json\/wp\/v2\/pages\/2024\/revisions"}],"predecessor-version":[{"id":2136,"href":"http:\/\/www.dolmetschergruppe.de\/tschech\/wp-json\/wp\/v2\/pages\/2024\/revisions\/2136"}],"wp:attachment":[{"href":"http:\/\/www.dolmetschergruppe.de\/tschech\/wp-json\/wp\/v2\/media?parent=2024"}],"curies":[{"name":"wp","href":"https:\/\/api.w.org\/{rel}","templated":true}]}}