{"id":2017,"date":"2021-01-18T11:47:53","date_gmt":"2021-01-18T10:47:53","guid":{"rendered":"http:\/\/www.dolmetschergruppe.de\/tschech\/?page_id=2017"},"modified":"2022-05-30T12:58:47","modified_gmt":"2022-05-30T10:58:47","slug":"rajosvah-tschech","status":"publish","type":"page","link":"http:\/\/www.dolmetschergruppe.de\/tschech\/rajosvah-tschech\/","title":{"rendered":"Rajosvah-tschech"},"content":{"rendered":"<p>[et_pb_section fb_built=&#8220;1&#8243; admin_label=&#8220;section&#8220; module_id=&#8220;header&#8220; _builder_version=&#8220;3.22&#8243; custom_padding=&#8220;0px|0px|0px|0px&#8220; transparent_background=&#8220;off&#8220; make_fullwidth=&#8220;off&#8220; use_custom_width=&#8220;off&#8220; width_unit=&#8220;on&#8220;][et_pb_row module_id=&#8220;sprachenmobile&#8220; _builder_version=&#8220;4.7.7&#8243; _module_preset=&#8220;default&#8220;][et_pb_column type=&#8220;4_4&#8243; _builder_version=&#8220;4.7.7&#8243; _module_preset=&#8220;default&#8220;][et_pb_sidebar area=&#8220;et_pb_widget_area_3&#8243; admin_label=&#8220;Box f\u00fcr Button Sprachversion mobile&#8220; module_class=&#8220;sprach-version&#8220; _builder_version=&#8220;4.7.7&#8243; _module_preset=&#8220;default&#8220;][\/et_pb_sidebar][\/et_pb_column][\/et_pb_row][et_pb_row column_structure=&#8220;3_4,1_4&#8243; module_class=&#8220;box-pict-head et_pb_row_fullwidth&#8220; _builder_version=&#8220;3.25&#8243; background_color=&#8220;rgba(255,255,255,0)&#8220; background_size=&#8220;initial&#8220; background_position=&#8220;top_left&#8220; background_repeat=&#8220;repeat&#8220; width=&#8220;100%&#8220; width_tablet=&#8220;100%&#8220; width_phone=&#8220;&#8220; width_last_edited=&#8220;on|desktop&#8220; max_width=&#8220;100%&#8220; max_width_tablet=&#8220;100%&#8220; max_width_phone=&#8220;&#8220; max_width_last_edited=&#8220;on|desktop&#8220; make_fullwidth=&#8220;on&#8220; use_custom_width=&#8220;off&#8220; width_unit=&#8220;on&#8220;][et_pb_column type=&#8220;3_4&#8243; _builder_version=&#8220;3.25&#8243; background_color=&#8220;#ffffff&#8220; custom_padding=&#8220;|||&#8220; custom_padding__hover=&#8220;|||&#8220;][et_pb_image src=&#8220;http:\/\/www.dolmetschergruppe.de\/tschech\/wp-content\/uploads\/sites\/5\/2021\/01\/pict_head_home.jpg&#8220; show_bottom_space=&#8220;off&#8220; align_tablet=&#8220;center&#8220; align_phone=&#8220;&#8220; align_last_edited=&#8220;on|desktop&#8220; module_class=&#8220;pict-head&#8220; _builder_version=&#8220;3.23&#8243; animation=&#8220;off&#8220; sticky=&#8220;on&#8220; use_border_color=&#8220;off&#8220; border_color=&#8220;#ffffff&#8220; border_style=&#8220;solid&#8220; always_center_on_mobile=&#8220;on&#8220;][\/et_pb_image][\/et_pb_column][et_pb_column type=&#8220;1_4&#8243; _builder_version=&#8220;3.25&#8243; background_color=&#8220;#ffffff&#8220; custom_padding=&#8220;|||&#8220; custom_padding__hover=&#8220;|||&#8220;][et_pb_image src=&#8220;http:\/\/www.dolmetschergruppe.de\/tschech\/wp-content\/uploads\/sites\/5\/2021\/01\/logo-big.png&#8220; alt=&#8220;Dolmetschergruppe Frankfurt&#8220; url=&#8220;http:\/\/www.dolmetschergruppe.de\/tschech&#8220; show_bottom_space=&#8220;off&#8220; align_tablet=&#8220;center&#8220; align_phone=&#8220;&#8220; align_last_edited=&#8220;on|desktop&#8220; admin_label=&#8220;Logo&#8220; module_class=&#8220;logo&#8220; _builder_version=&#8220;4.7.7&#8243; custom_margin=&#8220;0px|0px|0px|0px&#8220; animation=&#8220;off&#8220; sticky=&#8220;on&#8220; use_border_color=&#8220;off&#8220; border_color=&#8220;#ffffff&#8220; border_style=&#8220;solid&#8220; always_center_on_mobile=&#8220;on&#8220;][\/et_pb_image][\/et_pb_column][\/et_pb_row][\/et_pb_section][et_pb_section fb_built=&#8220;1&#8243; module_id=&#8220;content&#8220; _builder_version=&#8220;3.22&#8243; background_color=&#8220;rgba(255,255,255,0)&#8220; custom_css_main_element=&#8220;background-position:0; background-repeat:repeat-y; background-size:1130px 100% !important;&#8220; transparent_background=&#8220;on&#8220;][et_pb_row column_structure=&#8220;1_4,1_2,1_4&#8243; make_equal=&#8220;on&#8220; module_class=&#8220; et_pb_row_fullwidth&#8220; _builder_version=&#8220;3.25&#8243; background_size=&#8220;initial&#8220; background_position=&#8220;top_left&#8220; background_repeat=&#8220;repeat&#8220; width=&#8220;100%&#8220; width_tablet=&#8220;100%&#8220; width_phone=&#8220;&#8220; width_last_edited=&#8220;on|desktop&#8220; max_width=&#8220;100%&#8220; max_width_tablet=&#8220;100%&#8220; max_width_phone=&#8220;&#8220; max_width_last_edited=&#8220;on|desktop&#8220; make_fullwidth=&#8220;on&#8220; use_custom_width=&#8220;off&#8220; width_unit=&#8220;on&#8220;][et_pb_column type=&#8220;1_4&#8243; module_class=&#8220;left-column&#8220; _builder_version=&#8220;3.25&#8243; background_color=&#8220;rgba(224,43,32,0)&#8220; custom_padding=&#8220;|||&#8220; custom_padding__hover=&#8220;|||&#8220;][et_pb_sidebar area=&#8220;et_pb_widget_area_1&#8243; show_border=&#8220;off&#8220; admin_label=&#8220;Hauptmen\u00fc&#8220; module_class=&#8220;mainmenu&#8220; _builder_version=&#8220;4.7.7&#8243; remove_border=&#8220;off&#8220;][\/et_pb_sidebar][et_pb_image src=&#8220;http:\/\/www.dolmetschergruppe.de\/tschech\/wp-content\/uploads\/sites\/5\/2021\/01\/rajosva.jpg&#8220; title_text=&#8220;rajosva&#8220; align=&#8220;center&#8220; align_tablet=&#8220;center&#8220; align_phone=&#8220;&#8220; align_last_edited=&#8220;on|desktop&#8220; module_class=&#8220;pict-portrait&#8220; _builder_version=&#8220;4.7.7&#8243; animation=&#8220;off&#8220; sticky=&#8220;off&#8220; use_border_color=&#8220;off&#8220; border_color=&#8220;#ffffff&#8220; border_style=&#8220;solid&#8220; always_center_on_mobile=&#8220;on&#8220;][\/et_pb_image][et_pb_text module_class=&#8220;bu-person&#8220; _builder_version=&#8220;3.27.4&#8243; background_size=&#8220;initial&#8220; background_position=&#8220;top_left&#8220; background_repeat=&#8220;repeat&#8220; module_alignment=&#8220;left&#8220; use_border_color=&#8220;off&#8220; border_color=&#8220;#ffffff&#8220; border_style=&#8220;solid&#8220;]Mamisoa Rajosvah<br \/>\n[\/et_pb_text][\/et_pb_column][et_pb_column type=&#8220;1_2&#8243; module_class=&#8220;content person&#8220; _builder_version=&#8220;3.25&#8243; background_color=&#8220;#ecf4f3&#8243; custom_padding=&#8220;|||&#8220; custom_padding__hover=&#8220;|||&#8220;][et_pb_text admin_label=&#8220;Name&#8220; _builder_version=&#8220;4.7.7&#8243; background_size=&#8220;initial&#8220; background_position=&#8220;top_left&#8220; background_repeat=&#8220;repeat&#8220; module_alignment=&#8220;left&#8220; use_border_color=&#8220;off&#8220; border_color=&#8220;#ffffff&#8220; border_style=&#8220;solid&#8220;]<\/p>\n<table>\n<tbody>\n<tr>\n<td class=\"info\">Jm\u00e9no<\/td>\n<td class=\"daten\"><strong>Mamisoa Rajosvah<\/strong><\/td>\n<\/tr>\n<\/tbody>\n<\/table>\n<p>[\/et_pb_text][et_pb_divider show_divider=&#8220;off&#8220; disabled_on=&#8220;on|on|off&#8220; _builder_version=&#8220;3.23.4&#8243; height=&#8220;10px&#8220; hide_on_mobile=&#8220;on&#8220;][\/et_pb_divider][et_pb_text admin_label=&#8220;Adresse&#8220; _builder_version=&#8220;4.7.7&#8243; background_size=&#8220;initial&#8220; background_position=&#8220;top_left&#8220; background_repeat=&#8220;repeat&#8220; module_alignment=&#8220;left&#8220; use_border_color=&#8220;off&#8220; border_color=&#8220;#ffffff&#8220; border_style=&#8220;solid&#8220;]<\/p>\n<table>\n<tbody>\n<tr>\n<td class=\"info\">Ulice, \u010d.<\/td>\n<td class=\"daten\">Robert-Mayer-Str. 21<\/td>\n<\/tr>\n<tr>\n<td class=\"info\">PS\u010c, m\u011bsto<\/td>\n<td class=\"daten\">60486 Frankfurt nad Mohanem<\/td>\n<\/tr>\n<tr>\n<td class=\"info\">Telefon<\/td>\n<td class=\"daten\"><a href=\"tel:+49-6969713030\">069 \u2013 69 71 30 30<\/a> und<br \/>\n<a href=\"tel:+49-6920793719\">069 &#8211; 20793719<\/a><\/td>\n<\/tr>\n<tr>\n<td class=\"info\">Mobil<\/td>\n<td class=\"daten\"><a href=\"tel:+49-1632511247\">0163 &#8211; 25 11 247<\/a><\/td>\n<\/tr>\n<tr>\n<td class=\"info\">E-Mail<\/td>\n<td class=\"daten\"><a href=\"mailto:&#109;&#97;mi&#115;o&#97;&#46;r&#97;&#106;o&#115;&#118;a&#104;&#64;d&#111;&#108;m&#101;&#116;&#115;cher&#103;r&#117;&#112;pe.&#100;&#101;\">&#109;a&#109;is&#111;&#97;.&#114;a&#106;o&#115;va&#104;&#64;do&#108;&#109;ets&#99;&#104;er&#103;&#114;&#117;&#112;p&#101;.&#100;e<\/a><\/td>\n<\/tr>\n<\/tbody>\n<\/table>\n<p>[\/et_pb_text][et_pb_divider show_divider=&#8220;off&#8220; disabled_on=&#8220;on|on|off&#8220; _builder_version=&#8220;3.23.4&#8243; height=&#8220;10px&#8220; hide_on_mobile=&#8220;on&#8220;][\/et_pb_divider][et_pb_text admin_label=&#8220;Qualifikation\/Person&#8220; _builder_version=&#8220;4.7.7&#8243; background_size=&#8220;initial&#8220; background_position=&#8220;top_left&#8220; background_repeat=&#8220;repeat&#8220; module_alignment=&#8220;left&#8220; hover_enabled=&#8220;0&#8243; use_border_color=&#8220;off&#8220; border_color=&#8220;#ffffff&#8220; border_style=&#8220;solid&#8220; sticky_enabled=&#8220;0&#8243;]<\/p>\n<table>\n<tbody>\n<tr>\n<td class=\"info\">Kvalifikace<\/td>\n<td class=\"daten\">Diplomovan\u00e1 tlumo\u010dnice, diplomovan\u00e1 p\u0159ekladatelka, p\u0159\u00edse\u017en\u00e1 tlumo\u010dnice na francouz\u0161tinu a angli\u010dtinu, zmocn\u011bn\u00e1 p\u0159ekladatelka na francouz\u0161tinu a angli\u010dtinu<\/td>\n<\/tr>\n<tr>\n<td class=\"info\">\u010cinn\u00e1 od<\/td>\n<td class=\"daten\">2001<\/td>\n<\/tr>\n<tr>\n<td class=\"info\">Osobn\u00ed \u00fadaje<\/td>\n<td class=\"daten\">Narodila se a vyrostla v Tananarive, Madagaskar, od 17 let \u017eije v N\u011bmecku; studium a pracovn\u00ed pobyty ve Francii, v Anglii, Madagaskaru a Rakousku; diplomovan\u00e1 p\u0159ekladatelka: odborn\u00e1 vysok\u00e1 \u0161kola Kol\u00edn nad R\u00fdnem, listopad 2000; diplomovan\u00e1 tlumo\u010dnice: odborn\u00e1 vysok\u00e1 \u0161kola Kol\u00edn nad R\u00fdnem, \u010dervenec 2003; Cambridge Certificate of Proficiency v angli\u010dtin\u011b, \u010dervenec 2002; \u0161kolen\u00ed v oblasti bankovnictv\u00ed a financ\u00ed<\/td>\n<\/tr>\n<\/tbody>\n<\/table>\n<p>[\/et_pb_text][et_pb_divider show_divider=&#8220;off&#8220; disabled_on=&#8220;on|on|off&#8220; _builder_version=&#8220;3.23.4&#8243; height=&#8220;10px&#8220; hide_on_mobile=&#8220;on&#8220;][\/et_pb_divider][et_pb_text admin_label=&#8220;Steuernummer, Aufsichtsbeh\u00f6rde&#8220; _builder_version=&#8220;4.7.7&#8243; background_size=&#8220;initial&#8220; background_position=&#8220;top_left&#8220; background_repeat=&#8220;repeat&#8220; module_alignment=&#8220;left&#8220; use_border_color=&#8220;off&#8220; border_color=&#8220;#ffffff&#8220; border_style=&#8220;solid&#8220;]<\/p>\n<table>\n<tbody>\n<tr>\n<td class=\"info\">DI\u010c:<\/td>\n<td class=\"daten\">DE 267291335<\/td>\n<\/tr>\n<tr>\n<td class=\"info\">Zodpov\u011bdn\u00fd \u00fa\u0159ad<\/td>\n<td class=\"daten\">Zemsk\u00fd soud Frankfurt nad Mohanem<\/td>\n<\/tr>\n<\/tbody>\n<\/table>\n<p>[\/et_pb_text][et_pb_divider show_divider=&#8220;off&#8220; disabled_on=&#8220;on|on|off&#8220; _builder_version=&#8220;3.23.4&#8243; height=&#8220;10px&#8220; hide_on_mobile=&#8220;on&#8220;][\/et_pb_divider][et_pb_text admin_label=&#8220;Sprachen&#8220; _builder_version=&#8220;4.7.7&#8243; background_size=&#8220;initial&#8220; background_position=&#8220;top_left&#8220; background_repeat=&#8220;repeat&#8220; module_alignment=&#8220;left&#8220; use_border_color=&#8220;off&#8220; border_color=&#8220;#ffffff&#8220; border_style=&#8220;solid&#8220;]<\/p>\n<table>\n<tbody>\n<tr>\n<td class=\"info\">Jazyky<\/td>\n<td class=\"daten\">Francouz\u0161tina (rodn\u00fd jazyk), n\u011bm\u010dina (1. pracovn\u00ed jazyk), angli\u010dtina (2. pracovn\u00ed jazyk)<\/td>\n<\/tr>\n<\/tbody>\n<\/table>\n<p>[\/et_pb_text][et_pb_divider show_divider=&#8220;off&#8220; disabled_on=&#8220;on|on|off&#8220; _builder_version=&#8220;3.23.4&#8243; height=&#8220;10px&#8220; hide_on_mobile=&#8220;on&#8220;][\/et_pb_divider][et_pb_text admin_label=&#8220;Einsatzformen&#8220; _builder_version=&#8220;4.7.7&#8243; background_size=&#8220;initial&#8220; background_position=&#8220;top_left&#8220; background_repeat=&#8220;repeat&#8220; module_alignment=&#8220;left&#8220; hover_enabled=&#8220;0&#8243; use_border_color=&#8220;off&#8220; border_color=&#8220;#ffffff&#8220; border_style=&#8220;solid&#8220; sticky_enabled=&#8220;0&#8243;]<\/p>\n<table>\n<tbody>\n<tr>\n<td class=\"info\">Formy uplatn\u011bn\u00ed<\/td>\n<td class=\"daten liste \">\n<ul>\n<li>simult\u00e1nn\u00ed tlumo\u010den\u00ed<\/li>\n<li>konsekutivn\u00ed tlumo\u010den\u00ed<\/li>\n<li>tlumo\u010den\u00ed p\u0159i jedn\u00e1n\u00edch<\/li>\n<li>chuchotage\/ \u0161ept\u00e1n\u00ed<\/li>\n<li>p\u0159eklady<\/li>\n<\/ul>\n<\/td>\n<\/tr>\n<\/tbody>\n<\/table>\n<p>[\/et_pb_text][et_pb_divider show_divider=&#8220;off&#8220; disabled_on=&#8220;on|on|off&#8220; _builder_version=&#8220;3.23.4&#8243; height=&#8220;10px&#8220; hide_on_mobile=&#8220;on&#8220;][\/et_pb_divider][et_pb_text admin_label=&#8220;Fachgebiete&#8220; _builder_version=&#8220;4.7.7&#8243; background_size=&#8220;initial&#8220; background_position=&#8220;top_left&#8220; background_repeat=&#8220;repeat&#8220; module_alignment=&#8220;left&#8220; hover_enabled=&#8220;0&#8243; border_style=&#8220;solid&#8220; sticky_enabled=&#8220;0&#8243;]<\/p>\n<table>\n<tbody>\n<tr>\n<td class=\"info\">Specializace<\/td>\n<td class=\"daten\">Mezin\u00e1rodn\u00ed vztahy a diplomacie, politika v\u0161eobecn\u011b; mezin\u00e1rodn\u00ed hospod\u00e1\u0159sk\u00e1, technick\u00e1 a parlament\u00e1rn\u00ed spolupr\u00e1ce; EU, ERZ, odbory; hospod\u00e1\u0159stv\u00ed a finance obecn\u011b; automobilov\u00fd pr\u016fmysl a energetick\u00e1 technika; agr\u00e1rn\u00ed v\u011bda a vina\u0159stv\u00ed, v\u011bda obecn\u011b; ekologie: jedn\u00e1n\u00ed o klimatu, biodiverzita; pr\u00e1vo: \u00fastavn\u00ed pr\u00e1vo, jedn\u00e1n\u00ed u not\u00e1\u0159e, smlouvy; divadlo a film.<\/td>\n<\/tr>\n<\/tbody>\n<\/table>\n<p>[\/et_pb_text][\/et_pb_column][et_pb_column type=&#8220;1_4&#8243; module_class=&#8220;right-column&#8220; _builder_version=&#8220;3.25&#8243; background_color=&#8220;#ffffff&#8220; custom_padding=&#8220;|||&#8220; custom_padding__hover=&#8220;|||&#8220;][et_pb_sidebar area=&#8220;et_pb_widget_area_3&#8243; admin_label=&#8220;Sprachversionen&#8220; module_class=&#8220;sprach-version&#8220; _builder_version=&#8220;4.7.7&#8243; _module_preset=&#8220;default&#8220;][\/et_pb_sidebar][\/et_pb_column][\/et_pb_row][\/et_pb_section]<\/p>\n","protected":false},"excerpt":{"rendered":"<p>Mamisoa Rajosvah Jm\u00e9no Mamisoa Rajosvah Ulice, \u010d. Robert-Mayer-Str. 21 PS\u010c, m\u011bsto 60486 Frankfurt nad Mohanem Telefon 069 \u2013 69 71 30 30 und 069 &#8211; 20793719 Mobil 0163 &#8211; 25 11 247 E-Mail <a href=\"mailto:m&#97;misoa&#46;ra&#106;&#111;s&#118;ah&#64;&#100;&#111;&#108;&#109;e&#116;s&#99;&#104;&#101;r&#103;&#114;&#117;p&#112;&#101;&#46;&#100;e\">&#109;&#97;m&#105;s&#111;&#97;&#46;r&#97;josv&#97;h&#64;&#100;o&#108;&#109;ets&#99;&#104;&#101;rgr&#117;&#112;pe&#46;de<\/a> Kvalifikace Diplomovan\u00e1 tlumo\u010dnice, diplomovan\u00e1 p\u0159ekladatelka, p\u0159\u00edse\u017en\u00e1 tlumo\u010dnice na francouz\u0161tinu a angli\u010dtinu, zmocn\u011bn\u00e1 p\u0159ekladatelka na francouz\u0161tinu a angli\u010dtinu \u010cinn\u00e1 od 2001 Osobn\u00ed [&hellip;]<\/p>\n","protected":false},"author":1,"featured_media":0,"parent":0,"menu_order":37,"comment_status":"closed","ping_status":"closed","template":"","meta":{"_et_pb_use_builder":"on","_et_pb_old_content":"","_et_gb_content_width":""},"_links":{"self":[{"href":"http:\/\/www.dolmetschergruppe.de\/tschech\/wp-json\/wp\/v2\/pages\/2017"}],"collection":[{"href":"http:\/\/www.dolmetschergruppe.de\/tschech\/wp-json\/wp\/v2\/pages"}],"about":[{"href":"http:\/\/www.dolmetschergruppe.de\/tschech\/wp-json\/wp\/v2\/types\/page"}],"author":[{"embeddable":true,"href":"http:\/\/www.dolmetschergruppe.de\/tschech\/wp-json\/wp\/v2\/users\/1"}],"replies":[{"embeddable":true,"href":"http:\/\/www.dolmetschergruppe.de\/tschech\/wp-json\/wp\/v2\/comments?post=2017"}],"version-history":[{"count":6,"href":"http:\/\/www.dolmetschergruppe.de\/tschech\/wp-json\/wp\/v2\/pages\/2017\/revisions"}],"predecessor-version":[{"id":2192,"href":"http:\/\/www.dolmetschergruppe.de\/tschech\/wp-json\/wp\/v2\/pages\/2017\/revisions\/2192"}],"wp:attachment":[{"href":"http:\/\/www.dolmetschergruppe.de\/tschech\/wp-json\/wp\/v2\/media?parent=2017"}],"curies":[{"name":"wp","href":"https:\/\/api.w.org\/{rel}","templated":true}]}}