{"id":2012,"date":"2021-01-18T11:43:19","date_gmt":"2021-01-18T10:43:19","guid":{"rendered":"http:\/\/www.dolmetschergruppe.de\/tschech\/?page_id=2012"},"modified":"2022-05-30T12:47:12","modified_gmt":"2022-05-30T10:47:12","slug":"quagliata-tschech","status":"publish","type":"page","link":"http:\/\/www.dolmetschergruppe.de\/tschech\/quagliata-tschech\/","title":{"rendered":"Quagliata-tschech"},"content":{"rendered":"<p>[et_pb_section fb_built=&#8220;1&#8243; admin_label=&#8220;section&#8220; module_id=&#8220;header&#8220; _builder_version=&#8220;3.22&#8243; custom_padding=&#8220;0px|0px|0px|0px&#8220; transparent_background=&#8220;off&#8220; make_fullwidth=&#8220;off&#8220; use_custom_width=&#8220;off&#8220; width_unit=&#8220;on&#8220;][et_pb_row module_id=&#8220;sprachenmobile&#8220; _builder_version=&#8220;4.7.7&#8243; _module_preset=&#8220;default&#8220;][et_pb_column type=&#8220;4_4&#8243; _builder_version=&#8220;4.7.7&#8243; _module_preset=&#8220;default&#8220;][et_pb_sidebar area=&#8220;et_pb_widget_area_3&#8243; admin_label=&#8220;Box f\u00fcr Button Sprachversion mobile&#8220; module_class=&#8220;sprach-version&#8220; _builder_version=&#8220;4.7.7&#8243; _module_preset=&#8220;default&#8220;][\/et_pb_sidebar][\/et_pb_column][\/et_pb_row][et_pb_row column_structure=&#8220;3_4,1_4&#8243; module_class=&#8220;box-pict-head et_pb_row_fullwidth&#8220; _builder_version=&#8220;3.25&#8243; background_color=&#8220;rgba(255,255,255,0)&#8220; background_size=&#8220;initial&#8220; background_position=&#8220;top_left&#8220; background_repeat=&#8220;repeat&#8220; width=&#8220;100%&#8220; width_tablet=&#8220;100%&#8220; width_phone=&#8220;&#8220; width_last_edited=&#8220;on|desktop&#8220; max_width=&#8220;100%&#8220; max_width_tablet=&#8220;100%&#8220; max_width_phone=&#8220;&#8220; max_width_last_edited=&#8220;on|desktop&#8220; make_fullwidth=&#8220;on&#8220; use_custom_width=&#8220;off&#8220; width_unit=&#8220;on&#8220;][et_pb_column type=&#8220;3_4&#8243; _builder_version=&#8220;3.25&#8243; background_color=&#8220;#ffffff&#8220; custom_padding=&#8220;|||&#8220; custom_padding__hover=&#8220;|||&#8220;][et_pb_image src=&#8220;http:\/\/www.dolmetschergruppe.de\/tschech\/wp-content\/uploads\/sites\/5\/2021\/01\/pict_head_home.jpg&#8220; show_bottom_space=&#8220;off&#8220; align_tablet=&#8220;center&#8220; align_phone=&#8220;&#8220; align_last_edited=&#8220;on|desktop&#8220; module_class=&#8220;pict-head&#8220; _builder_version=&#8220;3.23&#8243; animation_direction=&#8220;off&#8220; border_color_all=&#8220;#ffffff&#8220; border_style_all=&#8220;solid&#8220; animation=&#8220;off&#8220; sticky=&#8220;on&#8220; use_border_color=&#8220;off&#8220; border_color=&#8220;#ffffff&#8220; border_style=&#8220;solid&#8220; always_center_on_mobile=&#8220;on&#8220;][\/et_pb_image][\/et_pb_column][et_pb_column type=&#8220;1_4&#8243; _builder_version=&#8220;3.25&#8243; background_color=&#8220;#ffffff&#8220; custom_padding=&#8220;|||&#8220; custom_padding__hover=&#8220;|||&#8220;][et_pb_image src=&#8220;http:\/\/www.dolmetschergruppe.de\/tschech\/wp-content\/uploads\/sites\/5\/2021\/01\/logo-big.png&#8220; alt=&#8220;Dolmetschergruppe Frankfurt&#8220; url=&#8220;http:\/\/www.dolmetschergruppe.de\/tschech&#8220; show_bottom_space=&#8220;off&#8220; align_tablet=&#8220;center&#8220; align_phone=&#8220;&#8220; align_last_edited=&#8220;on|desktop&#8220; admin_label=&#8220;Logo&#8220; module_class=&#8220;logo&#8220; _builder_version=&#8220;4.7.7&#8243; custom_margin=&#8220;0px|0px|0px|0px&#8220; animation=&#8220;off&#8220; sticky=&#8220;on&#8220; use_border_color=&#8220;off&#8220; border_color=&#8220;#ffffff&#8220; border_style=&#8220;solid&#8220; always_center_on_mobile=&#8220;on&#8220;][\/et_pb_image][\/et_pb_column][\/et_pb_row][\/et_pb_section][et_pb_section fb_built=&#8220;1&#8243; module_id=&#8220;content&#8220; _builder_version=&#8220;3.22&#8243; background_color=&#8220;rgba(255,255,255,0)&#8220; custom_css_main_element=&#8220;background-position:0; background-repeat:repeat-y; background-size:1130px 100% !important;&#8220; transparent_background=&#8220;on&#8220;][et_pb_row column_structure=&#8220;1_4,1_2,1_4&#8243; make_equal=&#8220;on&#8220; module_class=&#8220; et_pb_row_fullwidth&#8220; _builder_version=&#8220;3.25&#8243; background_size=&#8220;initial&#8220; background_position=&#8220;top_left&#8220; background_repeat=&#8220;repeat&#8220; width=&#8220;100%&#8220; width_tablet=&#8220;100%&#8220; width_phone=&#8220;&#8220; width_last_edited=&#8220;on|desktop&#8220; max_width=&#8220;100%&#8220; max_width_tablet=&#8220;100%&#8220; max_width_phone=&#8220;&#8220; max_width_last_edited=&#8220;on|desktop&#8220; make_fullwidth=&#8220;on&#8220; use_custom_width=&#8220;off&#8220; width_unit=&#8220;on&#8220;][et_pb_column type=&#8220;1_4&#8243; module_class=&#8220;left-column&#8220; _builder_version=&#8220;3.25&#8243; background_color=&#8220;rgba(224,43,32,0)&#8220; custom_padding=&#8220;|||&#8220; custom_padding__hover=&#8220;|||&#8220;][et_pb_sidebar area=&#8220;et_pb_widget_area_1&#8243; show_border=&#8220;off&#8220; admin_label=&#8220;Hauptmen\u00fc&#8220; module_class=&#8220;mainmenu&#8220; _builder_version=&#8220;4.7.7&#8243; remove_border=&#8220;off&#8220;][\/et_pb_sidebar][et_pb_image src=&#8220;http:\/\/www.dolmetschergruppe.de\/tschech\/wp-content\/uploads\/sites\/5\/2021\/01\/aldaq.png&#8220; align=&#8220;center&#8220; align_tablet=&#8220;center&#8220; align_phone=&#8220;&#8220; align_last_edited=&#8220;on|desktop&#8220; disabled_on=&#8220;off|off|off&#8220; admin_label=&#8220;Bild Quagliata&#8220; module_class=&#8220;pict-portrait&#8220; _builder_version=&#8220;3.23&#8243; animation_direction=&#8220;off&#8220; border_color_all=&#8220;#ffffff&#8220; border_style_all=&#8220;solid&#8220; animation=&#8220;off&#8220; sticky=&#8220;off&#8220; use_border_color=&#8220;off&#8220; border_color=&#8220;#ffffff&#8220; border_style=&#8220;solid&#8220; always_center_on_mobile=&#8220;on&#8220;][\/et_pb_image][et_pb_text module_class=&#8220;bu-person&#8220; _builder_version=&#8220;3.27.4&#8243; background_size=&#8220;initial&#8220; background_position=&#8220;top_left&#8220; background_repeat=&#8220;repeat&#8220; module_alignment=&#8220;left&#8220; border_color_all=&#8220;#ffffff&#8220; border_style_all=&#8220;solid&#8220; use_border_color=&#8220;off&#8220; border_color=&#8220;#ffffff&#8220; border_style=&#8220;solid&#8220;]Alda Quagliata<br \/>\n[\/et_pb_text][\/et_pb_column][et_pb_column type=&#8220;1_2&#8243; module_class=&#8220;content person&#8220; _builder_version=&#8220;3.25&#8243; background_color=&#8220;#ecf4f3&#8243; custom_padding=&#8220;|||&#8220; custom_padding__hover=&#8220;|||&#8220;][et_pb_text admin_label=&#8220;Name&#8220; _builder_version=&#8220;4.7.7&#8243; background_size=&#8220;initial&#8220; background_position=&#8220;top_left&#8220; background_repeat=&#8220;repeat&#8220; module_alignment=&#8220;left&#8220; border_color_all=&#8220;#ffffff&#8220; border_style_all=&#8220;solid&#8220; use_border_color=&#8220;off&#8220; border_color=&#8220;#ffffff&#8220; border_style=&#8220;solid&#8220;]<\/p>\n<table>\n<tbody>\n<tr>\n<td class=\"info\">Jm\u00e9no<\/td>\n<td class=\"daten\"><strong>Alda Quagliata<\/strong><\/td>\n<\/tr>\n<\/tbody>\n<\/table>\n<p>[\/et_pb_text][et_pb_divider show_divider=&#8220;off&#8220; disabled_on=&#8220;on|on|off&#8220; _builder_version=&#8220;3.23.4&#8243; height=&#8220;10px&#8220; hide_on_mobile=&#8220;on&#8220;][\/et_pb_divider][et_pb_text admin_label=&#8220;Adresse&#8220; _builder_version=&#8220;4.7.7&#8243; background_size=&#8220;initial&#8220; background_position=&#8220;top_left&#8220; background_repeat=&#8220;repeat&#8220; module_alignment=&#8220;left&#8220; border_color_all=&#8220;#ffffff&#8220; use_border_color=&#8220;off&#8220; border_color=&#8220;#ffffff&#8220; border_style=&#8220;solid&#8220;]<\/p>\n<table>\n<tbody>\n<tr>\n<td class=\"info\">Ulice, \u010d.<\/td>\n<td class=\"daten\">Danneckerstrasse 1<\/td>\n<\/tr>\n<tr>\n<td class=\"info\">PS\u010c, m\u011bsto<\/td>\n<td class=\"daten\">60594 Frankfurt nad Mohanem<\/td>\n<\/tr>\n<tr>\n<td class=\"info\">Telefon<\/td>\n<td class=\"daten\"><a href=\"tel:+49-494645\">069 &#8211; 494645<\/a><\/td>\n<\/tr>\n<tr>\n<td class=\"info\">Fax<\/td>\n<td class=\"daten\"><a href=\"tel:+49-434833\">069 &#8211; 434833<\/a><\/td>\n<\/tr>\n<tr>\n<td class=\"info\">Mobil<\/td>\n<td class=\"daten\"><a href=\"http:\/\/0171-5725678\">0171 &#8211; 5725678<\/a><\/td>\n<\/tr>\n<tr>\n<td class=\"info\">E-Mail<\/td>\n<td class=\"daten\"><a href=\"mailto:&#97;ld&#97;.qua&#103;lia&#116;a&#64;&#100;olme&#116;&#115;&#99;&#104;e&#114;&#103;&#114;u&#112;p&#101;.&#100;e\">&#97;lda.&#113;&#117;&#97;g&#108;iat&#97;&#64;&#100;&#111;lme&#116;s&#99;&#104;ergru&#112;p&#101;&#46;de<\/a><\/td>\n<\/tr>\n<\/tbody>\n<\/table>\n<p>[\/et_pb_text][et_pb_divider show_divider=&#8220;off&#8220; disabled_on=&#8220;on|on|off&#8220; _builder_version=&#8220;3.23.4&#8243; height=&#8220;10px&#8220; hide_on_mobile=&#8220;on&#8220;][\/et_pb_divider][et_pb_text admin_label=&#8220;Qualifikation\/Person&#8220; _builder_version=&#8220;4.7.7&#8243; background_size=&#8220;initial&#8220; background_position=&#8220;top_left&#8220; background_repeat=&#8220;repeat&#8220; module_alignment=&#8220;left&#8220; border_color_all=&#8220;#ffffff&#8220; border_style_all=&#8220;solid&#8220; use_border_color=&#8220;off&#8220; border_color=&#8220;#ffffff&#8220; border_style=&#8220;solid&#8220;]<\/p>\n<table>\n<tbody>\n<tr>\n<td class=\"info\">Kvalifikace<\/td>\n<td class=\"daten\">Diplomovan\u00e1 tlumo\u010dnice a p\u0159ekladatelka,<br \/>\nM.A. konferen\u010dn\u00ed tlumo\u010den\u00ed<br \/>\np\u0159\u00edse\u017en\u00e1 tlumo\u010dnice a zmocn\u011bn\u00e1 p\u0159ekladatelka na ital\u0161tinu<\/td>\n<\/tr>\n<tr>\n<td class=\"info\">\u010cinn\u00e1 od<\/td>\n<td class=\"daten\">1985<\/td>\n<\/tr>\n<tr>\n<td class=\"info\">Osobn\u00ed \u00fadaje<\/td>\n<td class=\"daten\">Od r. 1985 konferen\u010dn\u00ed tlumo\u010dnice a p\u0159ekladatelka v Evrop\u011b jako svobodn\u00e9 povol\u00e1n\u00ed<br \/>\nn\u011bkolikalet\u00fd studijn\u00ed pobyt v USA:<br \/>\nESL (English as a Second Language): Loyola University, Chicago, USA<br \/>\n\u010dlenstv\u00ed ve VKD, BD\u00dc a VGD\u00dc<\/td>\n<\/tr>\n<\/tbody>\n<\/table>\n<p>[\/et_pb_text][et_pb_divider show_divider=&#8220;off&#8220; disabled_on=&#8220;on|on|off&#8220; _builder_version=&#8220;3.23.4&#8243; height=&#8220;10px&#8220; hide_on_mobile=&#8220;on&#8220;][\/et_pb_divider][et_pb_text admin_label=&#8220;Steuernummer, Aufsichtsbeh\u00f6rde&#8220; _builder_version=&#8220;4.7.7&#8243; background_size=&#8220;initial&#8220; background_position=&#8220;top_left&#8220; background_repeat=&#8220;repeat&#8220; module_alignment=&#8220;left&#8220; border_color_all=&#8220;#ffffff&#8220; border_style_all=&#8220;solid&#8220; use_border_color=&#8220;off&#8220; border_color=&#8220;#ffffff&#8220; border_style=&#8220;solid&#8220;]<\/p>\n<table>\n<tbody>\n<tr>\n<td class=\"info\">DI\u010c:<\/td>\n<td class=\"daten\">DE 112050848<\/td>\n<\/tr>\n<tr>\n<td class=\"info\">Zodpov\u011bdn\u00fd \u00fa\u0159ad<\/td>\n<td class=\"daten\">Zemsk\u00fd soud Frankfurt<\/td>\n<\/tr>\n<\/tbody>\n<\/table>\n<p>[\/et_pb_text][et_pb_divider show_divider=&#8220;off&#8220; disabled_on=&#8220;on|on|off&#8220; _builder_version=&#8220;3.23.4&#8243; height=&#8220;10px&#8220; hide_on_mobile=&#8220;on&#8220;][\/et_pb_divider][et_pb_text admin_label=&#8220;Sprachen&#8220; _builder_version=&#8220;4.7.7&#8243; background_size=&#8220;initial&#8220; background_position=&#8220;top_left&#8220; background_repeat=&#8220;repeat&#8220; module_alignment=&#8220;left&#8220; border_color_all=&#8220;#ffffff&#8220; border_style_all=&#8220;solid&#8220; use_border_color=&#8220;off&#8220; border_color=&#8220;#ffffff&#8220; border_style=&#8220;solid&#8220;]<\/p>\n<table>\n<tbody>\n<tr>\n<td class=\"info\">Jazyky<\/td>\n<td class=\"daten\">Ital\u0161tina (mate\u0159\u0161tina), n\u011bm\u010dina (1. pracovn\u00ed jazyk), angli\u010dtina (2. pracovn\u00ed jazyk)<\/td>\n<\/tr>\n<\/tbody>\n<\/table>\n<p>[\/et_pb_text][et_pb_divider show_divider=&#8220;off&#8220; disabled_on=&#8220;on|on|off&#8220; _builder_version=&#8220;3.23.4&#8243; height=&#8220;10px&#8220; hide_on_mobile=&#8220;on&#8220;][\/et_pb_divider][et_pb_text admin_label=&#8220;Einsatzformen&#8220; _builder_version=&#8220;4.7.7&#8243; background_size=&#8220;initial&#8220; background_position=&#8220;top_left&#8220; background_repeat=&#8220;repeat&#8220; module_alignment=&#8220;left&#8220; border_color_all=&#8220;#ffffff&#8220; border_style_all=&#8220;solid&#8220; use_border_color=&#8220;off&#8220; border_color=&#8220;#ffffff&#8220; border_style=&#8220;solid&#8220;]<\/p>\n<table>\n<tbody>\n<tr>\n<td class=\"info\">Formy uplatn\u011bn\u00ed<\/td>\n<td class=\"daten liste \">\n<ul>\n<li>simult\u00e1nn\u00ed tlumo\u010den\u00ed<\/li>\n<li>konsekutivn\u00ed tlumo\u010den\u00ed<\/li>\n<li>tlumo\u010den\u00ed p\u0159i jedn\u00e1n\u00edch<\/li>\n<li>chuchotage \/ \u0161ept\u00e1n\u00ed<\/li>\n<li>p\u0159eklady<\/li>\n<\/ul>\n<\/td>\n<\/tr>\n<\/tbody>\n<\/table>\n<p>[\/et_pb_text][et_pb_divider show_divider=&#8220;off&#8220; disabled_on=&#8220;on|on|off&#8220; _builder_version=&#8220;3.23.4&#8243; height=&#8220;10px&#8220; hide_on_mobile=&#8220;on&#8220;][\/et_pb_divider][et_pb_text admin_label=&#8220;Fachgebiete&#8220; _builder_version=&#8220;4.7.7&#8243; background_size=&#8220;initial&#8220; background_position=&#8220;top_left&#8220; background_repeat=&#8220;repeat&#8220; module_alignment=&#8220;left&#8220; hover_enabled=&#8220;0&#8243; border_color_all=&#8220;#ffffff&#8220; border_style_all=&#8220;solid&#8220; use_border_color=&#8220;off&#8220; border_color=&#8220;#ffffff&#8220; border_style=&#8220;solid&#8220; sticky_enabled=&#8220;0&#8243;]<\/p>\n<table>\n<tbody>\n<tr>\n<td class=\"info\">Specializace<\/td>\n<td class=\"daten\">Hospod\u00e1\u0159stv\u00ed, automobilov\u00fd pr\u016fmysl, odbory, zased\u00e1n\u00ed dozor\u010d\u00edch rad, zased\u00e1n\u00ed p\u0159edstavenstva, valn\u00e9 hromady, p\u0159em\u011bny na spole\u010dnost SE, evropsk\u00e9 rady zam\u011bstnanc\u016f a rady zam\u011bstnanc\u016f SE, mediace, trestn\u00ed pr\u00e1vo, pracovn\u00ed pr\u00e1vo, soudy, turistika, \u017eivotn\u00ed prost\u0159ed\u00ed, veletrhy, marketink, pr\u016fzkumy trhu, reklama, PR, tisk, politika, \u00a0kultura<\/span><\/span><\/td>\n<\/tr>\n<\/tbody>\n<\/table>\n<p>[\/et_pb_text][\/et_pb_column][et_pb_column type=&#8220;1_4&#8243; module_class=&#8220;right-column&#8220; _builder_version=&#8220;3.25&#8243; background_color=&#8220;#ffffff&#8220; custom_padding=&#8220;|||&#8220; custom_padding__hover=&#8220;|||&#8220;][et_pb_sidebar area=&#8220;et_pb_widget_area_3&#8243; admin_label=&#8220;Sprachversionen&#8220; module_class=&#8220;sprach-version&#8220; _builder_version=&#8220;4.7.7&#8243; _module_preset=&#8220;default&#8220;][\/et_pb_sidebar][\/et_pb_column][\/et_pb_row][\/et_pb_section]<\/p>\n","protected":false},"excerpt":{"rendered":"<p>Alda Quagliata Jm\u00e9no Alda Quagliata Ulice, \u010d. Danneckerstrasse 1 PS\u010c, m\u011bsto 60594 Frankfurt nad Mohanem Telefon 069 &#8211; 494645 Fax 069 &#8211; 434833 Mobil 0171 &#8211; 5725678 E-Mail <a href=\"mailto:ald&#97;&#46;&#113;&#117;&#97;glia&#116;&#97;&#64;&#100;&#111;lm&#101;ts&#99;&#104;&#101;r&#103;r&#117;&#112;p&#101;.de\">&#97;&#108;&#100;&#97;&#46;qua&#103;&#108;&#105;a&#116;a&#64;dolme&#116;&#115;cher&#103;&#114;&#117;&#112;&#112;e.de<\/a> Kvalifikace Diplomovan\u00e1 tlumo\u010dnice a p\u0159ekladatelka, M.A. konferen\u010dn\u00ed tlumo\u010den\u00ed p\u0159\u00edse\u017en\u00e1 tlumo\u010dnice a zmocn\u011bn\u00e1 p\u0159ekladatelka na ital\u0161tinu \u010cinn\u00e1 od 1985 Osobn\u00ed \u00fadaje Od r. 1985 konferen\u010dn\u00ed tlumo\u010dnice a [&hellip;]<\/p>\n","protected":false},"author":1,"featured_media":0,"parent":0,"menu_order":35,"comment_status":"closed","ping_status":"closed","template":"","meta":{"_et_pb_use_builder":"on","_et_pb_old_content":"","_et_gb_content_width":""},"_links":{"self":[{"href":"http:\/\/www.dolmetschergruppe.de\/tschech\/wp-json\/wp\/v2\/pages\/2012"}],"collection":[{"href":"http:\/\/www.dolmetschergruppe.de\/tschech\/wp-json\/wp\/v2\/pages"}],"about":[{"href":"http:\/\/www.dolmetschergruppe.de\/tschech\/wp-json\/wp\/v2\/types\/page"}],"author":[{"embeddable":true,"href":"http:\/\/www.dolmetschergruppe.de\/tschech\/wp-json\/wp\/v2\/users\/1"}],"replies":[{"embeddable":true,"href":"http:\/\/www.dolmetschergruppe.de\/tschech\/wp-json\/wp\/v2\/comments?post=2012"}],"version-history":[{"count":7,"href":"http:\/\/www.dolmetschergruppe.de\/tschech\/wp-json\/wp\/v2\/pages\/2012\/revisions"}],"predecessor-version":[{"id":2188,"href":"http:\/\/www.dolmetschergruppe.de\/tschech\/wp-json\/wp\/v2\/pages\/2012\/revisions\/2188"}],"wp:attachment":[{"href":"http:\/\/www.dolmetschergruppe.de\/tschech\/wp-json\/wp\/v2\/media?parent=2012"}],"curies":[{"name":"wp","href":"https:\/\/api.w.org\/{rel}","templated":true}]}}