{"id":1996,"date":"2021-01-15T17:04:44","date_gmt":"2021-01-15T16:04:44","guid":{"rendered":"http:\/\/www.dolmetschergruppe.de\/tschech\/?page_id=1996"},"modified":"2022-05-27T13:32:03","modified_gmt":"2022-05-27T11:32:03","slug":"kripalani-tschech","status":"publish","type":"page","link":"http:\/\/www.dolmetschergruppe.de\/tschech\/kripalani-tschech\/","title":{"rendered":"Kripalani-tschech"},"content":{"rendered":"<p>[et_pb_section fb_built=&#8220;1&#8243; admin_label=&#8220;section&#8220; module_id=&#8220;header&#8220; _builder_version=&#8220;3.22&#8243; custom_padding=&#8220;0px|0px|0px|0px&#8220; transparent_background=&#8220;off&#8220; make_fullwidth=&#8220;off&#8220; use_custom_width=&#8220;off&#8220; width_unit=&#8220;on&#8220;][et_pb_row module_id=&#8220;sprachenmobile&#8220; _builder_version=&#8220;4.7.7&#8243; _module_preset=&#8220;default&#8220;][et_pb_column type=&#8220;4_4&#8243; _builder_version=&#8220;4.7.7&#8243; _module_preset=&#8220;default&#8220;][et_pb_sidebar area=&#8220;et_pb_widget_area_3&#8243; admin_label=&#8220;Box f\u00fcr Button Sprachversion mobile&#8220; module_class=&#8220;sprach-version&#8220; _builder_version=&#8220;4.7.7&#8243; _module_preset=&#8220;default&#8220;][\/et_pb_sidebar][\/et_pb_column][\/et_pb_row][et_pb_row column_structure=&#8220;3_4,1_4&#8243; module_class=&#8220;box-pict-head et_pb_row_fullwidth&#8220; _builder_version=&#8220;3.25&#8243; background_color=&#8220;rgba(255,255,255,0)&#8220; background_size=&#8220;initial&#8220; background_position=&#8220;top_left&#8220; background_repeat=&#8220;repeat&#8220; width=&#8220;100%&#8220; width_tablet=&#8220;100%&#8220; width_phone=&#8220;&#8220; width_last_edited=&#8220;on|desktop&#8220; max_width=&#8220;100%&#8220; max_width_tablet=&#8220;100%&#8220; max_width_phone=&#8220;&#8220; max_width_last_edited=&#8220;on|desktop&#8220; make_fullwidth=&#8220;on&#8220; use_custom_width=&#8220;off&#8220; width_unit=&#8220;on&#8220;][et_pb_column type=&#8220;3_4&#8243; _builder_version=&#8220;3.25&#8243; background_color=&#8220;#ffffff&#8220; custom_padding=&#8220;|||&#8220; custom_padding__hover=&#8220;|||&#8220;][et_pb_image src=&#8220;http:\/\/www.dolmetschergruppe.de\/tschech\/wp-content\/uploads\/sites\/5\/2021\/01\/pict_head_home.jpg&#8220; show_bottom_space=&#8220;off&#8220; align_tablet=&#8220;center&#8220; align_phone=&#8220;&#8220; align_last_edited=&#8220;on|desktop&#8220; module_class=&#8220;pict-head&#8220; _builder_version=&#8220;3.23&#8243; animation=&#8220;off&#8220; sticky=&#8220;on&#8220; use_border_color=&#8220;off&#8220; border_color=&#8220;#ffffff&#8220; border_style=&#8220;solid&#8220; always_center_on_mobile=&#8220;on&#8220;][\/et_pb_image][\/et_pb_column][et_pb_column type=&#8220;1_4&#8243; _builder_version=&#8220;3.25&#8243; background_color=&#8220;#ffffff&#8220; custom_padding=&#8220;|||&#8220; custom_padding__hover=&#8220;|||&#8220;][et_pb_image src=&#8220;http:\/\/www.dolmetschergruppe.de\/tschech\/wp-content\/uploads\/sites\/5\/2021\/01\/logo-big.png&#8220; alt=&#8220;Dolmetschergruppe Frankfurt&#8220; url=&#8220;http:\/\/www.dolmetschergruppe.de\/tschech&#8220; show_bottom_space=&#8220;off&#8220; align_tablet=&#8220;center&#8220; align_phone=&#8220;&#8220; align_last_edited=&#8220;on|desktop&#8220; admin_label=&#8220;Logo&#8220; module_class=&#8220;logo&#8220; _builder_version=&#8220;4.7.7&#8243; custom_margin=&#8220;0px|0px|0px|0px&#8220; animation=&#8220;off&#8220; sticky=&#8220;on&#8220; use_border_color=&#8220;off&#8220; border_color=&#8220;#ffffff&#8220; border_style=&#8220;solid&#8220; always_center_on_mobile=&#8220;on&#8220;][\/et_pb_image][\/et_pb_column][\/et_pb_row][\/et_pb_section][et_pb_section fb_built=&#8220;1&#8243; module_id=&#8220;content&#8220; _builder_version=&#8220;3.22&#8243; background_color=&#8220;rgba(255,255,255,0)&#8220; custom_css_main_element=&#8220;background-position:0; background-repeat:repeat-y; background-size:1130px 100% !important;&#8220; transparent_background=&#8220;on&#8220;][et_pb_row column_structure=&#8220;1_4,1_2,1_4&#8243; make_equal=&#8220;on&#8220; module_class=&#8220; et_pb_row_fullwidth&#8220; _builder_version=&#8220;3.25&#8243; background_size=&#8220;initial&#8220; background_position=&#8220;top_left&#8220; background_repeat=&#8220;repeat&#8220; width=&#8220;100%&#8220; width_tablet=&#8220;100%&#8220; width_phone=&#8220;&#8220; width_last_edited=&#8220;on|desktop&#8220; max_width=&#8220;100%&#8220; max_width_tablet=&#8220;100%&#8220; max_width_phone=&#8220;&#8220; max_width_last_edited=&#8220;on|desktop&#8220; make_fullwidth=&#8220;on&#8220; use_custom_width=&#8220;off&#8220; width_unit=&#8220;on&#8220;][et_pb_column type=&#8220;1_4&#8243; module_class=&#8220;left-column&#8220; _builder_version=&#8220;3.25&#8243; background_color=&#8220;rgba(224,43,32,0)&#8220; custom_padding=&#8220;|||&#8220; custom_padding__hover=&#8220;|||&#8220;][et_pb_sidebar area=&#8220;et_pb_widget_area_1&#8243; show_border=&#8220;off&#8220; admin_label=&#8220;Hauptmen\u00fc&#8220; module_class=&#8220;mainmenu&#8220; _builder_version=&#8220;4.7.7&#8243; remove_border=&#8220;off&#8220;][\/et_pb_sidebar][et_pb_image src=&#8220;http:\/\/www.dolmetschergruppe.de\/tschech\/wp-content\/uploads\/sites\/5\/2021\/01\/kripalani.jpg&#8220; align=&#8220;center&#8220; align_tablet=&#8220;center&#8220; align_phone=&#8220;&#8220; align_last_edited=&#8220;on|desktop&#8220; module_class=&#8220;pict-portrait&#8220; _builder_version=&#8220;3.23&#8243; animation=&#8220;off&#8220; sticky=&#8220;off&#8220; use_border_color=&#8220;off&#8220; border_color=&#8220;#ffffff&#8220; border_style=&#8220;solid&#8220; always_center_on_mobile=&#8220;on&#8220;][\/et_pb_image][et_pb_text module_class=&#8220;bu-person&#8220; _builder_version=&#8220;3.27.4&#8243; background_size=&#8220;initial&#8220; background_position=&#8220;top_left&#8220; background_repeat=&#8220;repeat&#8220; module_alignment=&#8220;left&#8220; use_border_color=&#8220;off&#8220; border_color=&#8220;#ffffff&#8220; border_style=&#8220;solid&#8220;]Dorin Kripalani<br \/>\n[\/et_pb_text][\/et_pb_column][et_pb_column type=&#8220;1_2&#8243; module_class=&#8220;content person&#8220; _builder_version=&#8220;3.25&#8243; background_color=&#8220;#ecf4f3&#8243; custom_padding=&#8220;|||&#8220; custom_padding__hover=&#8220;|||&#8220;][et_pb_text admin_label=&#8220;Name&#8220; _builder_version=&#8220;4.7.7&#8243; background_size=&#8220;initial&#8220; background_position=&#8220;top_left&#8220; background_repeat=&#8220;repeat&#8220; module_alignment=&#8220;left&#8220; use_border_color=&#8220;off&#8220; border_color=&#8220;#ffffff&#8220; border_style=&#8220;solid&#8220;]<\/p>\n<table>\n<tbody>\n<tr>\n<td class=\"info\">Jm\u00e9no<\/td>\n<td class=\"daten\"><strong>Dorin Kripalani<\/strong><\/td>\n<\/tr>\n<\/tbody>\n<\/table>\n<p>[\/et_pb_text][et_pb_divider show_divider=&#8220;off&#8220; disabled_on=&#8220;on|on|off&#8220; _builder_version=&#8220;3.23.4&#8243; height=&#8220;10px&#8220; hide_on_mobile=&#8220;on&#8220;][\/et_pb_divider][et_pb_text admin_label=&#8220;Adresse&#8220; _builder_version=&#8220;4.7.7&#8243; background_size=&#8220;initial&#8220; background_position=&#8220;top_left&#8220; background_repeat=&#8220;repeat&#8220; module_alignment=&#8220;left&#8220; use_border_color=&#8220;off&#8220; border_color=&#8220;#ffffff&#8220; border_style=&#8220;solid&#8220;]<\/p>\n<table>\n<tbody>\n<tr>\n<td class=\"info\">Ulice, \u010d.<\/td>\n<td class=\"daten\">Gr\u00e4sigter Weg 11<\/td>\n<\/tr>\n<tr>\n<td class=\"info\">PS\u010c, m\u011bsto<\/td>\n<td class=\"daten\">60388 Frankfurt nad Mohanem<\/td>\n<\/tr>\n<tr>\n<td class=\"info\">Telefon<\/td>\n<td class=\"daten\"><a href=\"tel:+49-6109503171\">06109 &#8211; 50 31 71<\/a><\/td>\n<\/tr>\n<tr>\n<td class=\"info\">Mobil<\/td>\n<td class=\"daten\"><a href=\"tel:+49-1795124395\">0179 &#8211; 5 12 43 95<\/a><\/td>\n<\/tr>\n<tr>\n<td class=\"info\">Fax<\/td>\n<td class=\"daten\"><a href=\"tel:+49-6109503172\">06109 &#8211; 50 31 72<\/a><\/td>\n<\/tr>\n<tr>\n<td class=\"info\">E-Mail<\/td>\n<td class=\"daten\"><a href=\"mailto:&#100;&#111;&#114;&#105;&#110;&#46;&#107;&#114;&#105;&#112;&#97;&#108;a&#110;i&#64;do&#108;me&#116;&#115;&#99;h&#101;r&#103;ru&#112;pe&#46;de\">d&#111;r&#105;n&#46;kripal&#97;&#110;&#105;&#64;d&#111;&#108;&#109;e&#116;&#115;cherg&#114;up&#112;e&#46;d&#101;<\/a><\/td>\n<\/tr>\n<\/tbody>\n<\/table>\n<p>[\/et_pb_text][et_pb_divider show_divider=&#8220;off&#8220; disabled_on=&#8220;on|on|off&#8220; _builder_version=&#8220;3.23.4&#8243; height=&#8220;10px&#8220; hide_on_mobile=&#8220;on&#8220;][\/et_pb_divider][et_pb_text admin_label=&#8220;Qualifikation\/Person&#8220; _builder_version=&#8220;4.7.7&#8243; background_size=&#8220;initial&#8220; background_position=&#8220;top_left&#8220; background_repeat=&#8220;repeat&#8220; module_alignment=&#8220;left&#8220; use_border_color=&#8220;off&#8220; border_color=&#8220;#ffffff&#8220; border_style=&#8220;solid&#8220;]<\/p>\n<table>\n<tbody>\n<tr>\n<td class=\"info\">Kvalifikace<\/td>\n<td class=\"daten\">Diplomovan\u00e1 tlumo\u010dnice (\u0161pan\u011bl\u0161tina\/francouz\u0161tina) a st\u00e1tn\u011b osv\u011bd\u010den\u00e1 p\u0159ekladatelka (angli\u010dtina\/francouz\u0161tina);<br \/> p\u0159\u00edse\u017en\u00e1 tlumo\u010dnice u Zemsk\u00e9ho soudu Frankfurt nad Mohanem pro soudy a \u00fa\u0159ady v Hessensku v jazyc\u00edch \u0161pan\u011bl\u0161tina a francouz\u0161tina;<br \/> p\u0159\u00edse\u017en\u00e1 p\u0159ekladatelka u Zemsk\u00e9ho soudu Frankfurt nad Mohanem pro francouz\u0161tinu a angli\u010dtinu<\/td>\n<\/tr>\n<tr>\n<td class=\"info\">\u010cinn\u00e1 od<\/td>\n<td class=\"daten\">1998<\/td>\n<\/tr>\n<tr>\n<td class=\"info\">Osobn\u00ed \u00fadaje<\/td>\n<td class=\"daten\">7-let\u00fd pobyt v Bruselu\/Belgie, 8 m\u011bs\u00edc\u016f v Chile, v\u00fduka angli\u010dtiny, 7 m\u011bs\u00edc\u016f na Institutu pro tlumo\u010dnictv\u00ed a p\u0159ekladatelstv\u00ed univerzity ve  Stockholmu<\/td>\n<\/tr>\n<\/tbody>\n<\/table>\n<p>[\/et_pb_text][et_pb_divider show_divider=&#8220;off&#8220; disabled_on=&#8220;on|on|off&#8220; _builder_version=&#8220;3.23.4&#8243; height=&#8220;10px&#8220; hide_on_mobile=&#8220;on&#8220;][\/et_pb_divider][et_pb_text admin_label=&#8220;Steuernummer, Aufsichtsbeh\u00f6rde&#8220; _builder_version=&#8220;4.7.7&#8243; background_size=&#8220;initial&#8220; background_position=&#8220;top_left&#8220; background_repeat=&#8220;repeat&#8220; module_alignment=&#8220;left&#8220; use_border_color=&#8220;off&#8220; border_color=&#8220;#ffffff&#8220; border_style=&#8220;solid&#8220;]<\/p>\n<table>\n<tbody>\n<tr>\n<td class=\"info\">DI\u010c:<\/td>\n<td class=\"daten\">DE206605240<\/td>\n<\/tr>\n<tr>\n<td class=\"info\">Zodpov\u011bdn\u00fd \u00fa\u0159ad<\/td>\n<td class=\"daten\">Zemsk\u00fd soud ve Frankfurtu nad Mohanem<\/td>\n<\/tr>\n<\/tbody>\n<\/table>\n<p>[\/et_pb_text][et_pb_divider show_divider=&#8220;off&#8220; disabled_on=&#8220;on|on|off&#8220; _builder_version=&#8220;3.23.4&#8243; height=&#8220;10px&#8220; hide_on_mobile=&#8220;on&#8220;][\/et_pb_divider][et_pb_text admin_label=&#8220;Sprachen&#8220; _builder_version=&#8220;4.7.7&#8243; background_size=&#8220;initial&#8220; background_position=&#8220;top_left&#8220; background_repeat=&#8220;repeat&#8220; module_alignment=&#8220;left&#8220; use_border_color=&#8220;off&#8220; border_color=&#8220;#ffffff&#8220; border_style=&#8220;solid&#8220;]<\/p>\n<table>\n<tbody>\n<tr>\n<td class=\"info\">Jazyky<\/td>\n<td class=\"daten\">N\u011bm\u010dina (mate\u0159\u0161tina), \u0161pan\u011bl\u0161tina (1. pracovn\u00ed jazyk), francouz\u0161tina, angli\u010dtina (2. pracovn\u00ed jazyky)<\/td>\n<\/tr>\n<\/tbody>\n<\/table>\n<p>[\/et_pb_text][et_pb_divider show_divider=&#8220;off&#8220; disabled_on=&#8220;on|on|off&#8220; _builder_version=&#8220;3.23.4&#8243; height=&#8220;10px&#8220; hide_on_mobile=&#8220;on&#8220;][\/et_pb_divider][et_pb_text admin_label=&#8220;Einsatzformen&#8220; _builder_version=&#8220;4.7.7&#8243; background_size=&#8220;initial&#8220; background_position=&#8220;top_left&#8220; background_repeat=&#8220;repeat&#8220; module_alignment=&#8220;left&#8220; hover_enabled=&#8220;0&#8243; border_style=&#8220;solid&#8220; sticky_enabled=&#8220;0&#8243;]<\/p>\n<table>\n<tbody>\n<tr>\n<td class=\"info\">Formy uplatn\u011bn\u00ed<\/td>\n<td class=\"daten liste \">\n<ul>\n<li>simult\u00e1nn\u00ed tlumo\u010den\u00ed<\/li>\n<li>konsekutivn\u00ed tlumo\u010den\u00ed<\/li>\n<li>tlumo\u010den\u00ed p\u0159i jedn\u00e1n\u00edch<\/li>\n<li>chuchotage \/ \u0161ept\u00e1n\u00ed<\/li>\n<li>p\u0159eklady<\/li>\n<\/ul>\n<\/td>\n<\/tr>\n<\/tbody>\n<\/table>\n<p>[\/et_pb_text][et_pb_divider show_divider=&#8220;off&#8220; disabled_on=&#8220;on|on|off&#8220; _builder_version=&#8220;3.23.4&#8243; height=&#8220;10px&#8220; hide_on_mobile=&#8220;on&#8220;][\/et_pb_divider][et_pb_text admin_label=&#8220;Fachgebiete&#8220; _builder_version=&#8220;4.7.7&#8243; background_size=&#8220;initial&#8220; background_position=&#8220;top_left&#8220; background_repeat=&#8220;repeat&#8220; module_alignment=&#8220;left&#8220; use_border_color=&#8220;off&#8220; border_color=&#8220;#ffffff&#8220; border_style=&#8220;solid&#8220;]<\/p>\n<table>\n<tbody>\n<tr>\n<td class=\"info\">Specializace<\/td>\n<td class=\"daten\">Konstrukce pr\u016fmyslov\u00fdch za\u0159\u00edzen\u00ed, stroj\u00edrenstv\u00ed, automobilov\u00fd pr\u016fmysl, energetika, odpadov\u00e9 hospod\u00e1\u0159stv\u00ed, elektrotechnika, reklama, podnikov\u00e9 hospod\u00e1\u0159stv\u00ed, odbory, pracovn\u00ed pr\u00e1vo, politika, soudnictv\u00ed, vojenstv\u00ed, policie, soudy, poji\u0161t\u2019ovnictv\u00ed, smlouvy, televize<\/td>\n<\/tr>\n<\/tbody>\n<\/table>\n<p>[\/et_pb_text][\/et_pb_column][et_pb_column type=&#8220;1_4&#8243; module_class=&#8220;right-column&#8220; _builder_version=&#8220;3.25&#8243; background_color=&#8220;#ffffff&#8220; custom_padding=&#8220;|||&#8220; custom_padding__hover=&#8220;|||&#8220;][et_pb_sidebar area=&#8220;et_pb_widget_area_3&#8243; admin_label=&#8220;Sprachversionen&#8220; module_class=&#8220;sprach-version&#8220; _builder_version=&#8220;4.7.7&#8243; _module_preset=&#8220;default&#8220;][\/et_pb_sidebar][\/et_pb_column][\/et_pb_row][\/et_pb_section]<\/p>\n","protected":false},"excerpt":{"rendered":"<p>Dorin Kripalani Jm\u00e9no Dorin Kripalani Ulice, \u010d. Gr\u00e4sigter Weg 11 PS\u010c, m\u011bsto 60388 Frankfurt nad Mohanem Telefon 06109 &#8211; 50 31 71 Mobil 0179 &#8211; 5 12 43 95 Fax 06109 &#8211; 50 31 72 E-Mail <a href=\"mailto:&#100;&#111;r&#105;&#110;&#46;kr&#105;p&#97;&#108;an&#105;&#64;&#100;ol&#109;&#101;&#116;sche&#114;&#103;rup&#112;e&#46;&#100;&#101;\">dorin.&#107;r&#105;p&#97;l&#97;&#110;i&#64;&#100;&#111;l&#109;e&#116;&#115;&#99;h&#101;&#114;&#103;r&#117;pp&#101;.&#100;e<\/a> Kvalifikace Diplomovan\u00e1 tlumo\u010dnice (\u0161pan\u011bl\u0161tina\/francouz\u0161tina) a st\u00e1tn\u011b osv\u011bd\u010den\u00e1 p\u0159ekladatelka (angli\u010dtina\/francouz\u0161tina); p\u0159\u00edse\u017en\u00e1 tlumo\u010dnice u Zemsk\u00e9ho soudu Frankfurt nad Mohanem pro [&hellip;]<\/p>\n","protected":false},"author":1,"featured_media":0,"parent":0,"menu_order":28,"comment_status":"closed","ping_status":"closed","template":"","meta":{"_et_pb_use_builder":"on","_et_pb_old_content":"","_et_gb_content_width":""},"_links":{"self":[{"href":"http:\/\/www.dolmetschergruppe.de\/tschech\/wp-json\/wp\/v2\/pages\/1996"}],"collection":[{"href":"http:\/\/www.dolmetschergruppe.de\/tschech\/wp-json\/wp\/v2\/pages"}],"about":[{"href":"http:\/\/www.dolmetschergruppe.de\/tschech\/wp-json\/wp\/v2\/types\/page"}],"author":[{"embeddable":true,"href":"http:\/\/www.dolmetschergruppe.de\/tschech\/wp-json\/wp\/v2\/users\/1"}],"replies":[{"embeddable":true,"href":"http:\/\/www.dolmetschergruppe.de\/tschech\/wp-json\/wp\/v2\/comments?post=1996"}],"version-history":[{"count":5,"href":"http:\/\/www.dolmetschergruppe.de\/tschech\/wp-json\/wp\/v2\/pages\/1996\/revisions"}],"predecessor-version":[{"id":2181,"href":"http:\/\/www.dolmetschergruppe.de\/tschech\/wp-json\/wp\/v2\/pages\/1996\/revisions\/2181"}],"wp:attachment":[{"href":"http:\/\/www.dolmetschergruppe.de\/tschech\/wp-json\/wp\/v2\/media?parent=1996"}],"curies":[{"name":"wp","href":"https:\/\/api.w.org\/{rel}","templated":true}]}}