{"id":1962,"date":"2021-01-15T15:09:11","date_gmt":"2021-01-15T14:09:11","guid":{"rendered":"http:\/\/www.dolmetschergruppe.de\/tschech\/?page_id=1962"},"modified":"2023-02-21T11:15:03","modified_gmt":"2023-02-21T10:15:03","slug":"drieschova-tschech","status":"publish","type":"page","link":"http:\/\/www.dolmetschergruppe.de\/tschech\/drieschova-tschech\/","title":{"rendered":"Drieschova-tschech"},"content":{"rendered":"<p>[et_pb_section fb_built=&#8220;1&#8243; admin_label=&#8220;section&#8220; module_id=&#8220;header&#8220; _builder_version=&#8220;4.16&#8243; custom_padding=&#8220;0px|0px|0px|0px&#8220; transparent_background=&#8220;off&#8220; make_fullwidth=&#8220;off&#8220; use_custom_width=&#8220;off&#8220; width_unit=&#8220;on&#8220; global_colors_info=&#8220;{}&#8220;][et_pb_row module_id=&#8220;sprachenmobile&#8220; _builder_version=&#8220;4.16&#8243; _module_preset=&#8220;default&#8220; global_colors_info=&#8220;{}&#8220;][et_pb_column type=&#8220;4_4&#8243; _builder_version=&#8220;4.16&#8243; _module_preset=&#8220;default&#8220; global_colors_info=&#8220;{}&#8220;][et_pb_sidebar area=&#8220;et_pb_widget_area_3&#8243; admin_label=&#8220;Box f\u00fcr Button Sprachversion mobile&#8220; module_class=&#8220;sprach-version&#8220; _builder_version=&#8220;4.16&#8243; _module_preset=&#8220;default&#8220; global_colors_info=&#8220;{}&#8220;][\/et_pb_sidebar][\/et_pb_column][\/et_pb_row][et_pb_row column_structure=&#8220;3_4,1_4&#8243; module_class=&#8220;box-pict-head et_pb_row_fullwidth et_pb_row_fullwidth&#8220; _builder_version=&#8220;4.16&#8243; background_color=&#8220;rgba(255,255,255,0)&#8220; background_size=&#8220;initial&#8220; background_position=&#8220;top_left&#8220; background_repeat=&#8220;repeat&#8220; width=&#8220;100%&#8220; width_tablet=&#8220;100%&#8220; width_phone=&#8220;&#8220; width_last_edited=&#8220;on|desktop&#8220; max_width=&#8220;100%&#8220; max_width_tablet=&#8220;100%&#8220; max_width_phone=&#8220;&#8220; max_width_last_edited=&#8220;on|desktop&#8220; make_fullwidth=&#8220;on&#8220; use_custom_width=&#8220;off&#8220; width_unit=&#8220;on&#8220; global_colors_info=&#8220;{}&#8220;][et_pb_column type=&#8220;3_4&#8243; _builder_version=&#8220;4.16&#8243; background_color=&#8220;#ffffff&#8220; custom_padding=&#8220;|||&#8220; global_colors_info=&#8220;{}&#8220; custom_padding__hover=&#8220;|||&#8220;][et_pb_image src=&#8220;http:\/\/www.dolmetschergruppe.de\/tschech\/wp-content\/uploads\/sites\/5\/2021\/01\/pict_head_home.jpg&#8220; show_bottom_space=&#8220;off&#8220; align_tablet=&#8220;center&#8220; align_phone=&#8220;&#8220; align_last_edited=&#8220;on|desktop&#8220; module_class=&#8220;pict-head&#8220; _builder_version=&#8220;4.16&#8243; animation=&#8220;off&#8220; sticky=&#8220;on&#8220; use_border_color=&#8220;off&#8220; border_color=&#8220;#ffffff&#8220; border_style=&#8220;solid&#8220; always_center_on_mobile=&#8220;on&#8220; global_colors_info=&#8220;{}&#8220;][\/et_pb_image][\/et_pb_column][et_pb_column type=&#8220;1_4&#8243; _builder_version=&#8220;4.16&#8243; background_color=&#8220;#ffffff&#8220; custom_padding=&#8220;|||&#8220; global_colors_info=&#8220;{}&#8220; custom_padding__hover=&#8220;|||&#8220;][et_pb_image src=&#8220;http:\/\/www.dolmetschergruppe.de\/tschech\/wp-content\/uploads\/sites\/5\/2021\/01\/logo-big.png&#8220; alt=&#8220;Dolmetschergruppe Frankfurt&#8220; url=&#8220;http:\/\/www.dolmetschergruppe.de\/tschech&#8220; show_bottom_space=&#8220;off&#8220; align_tablet=&#8220;center&#8220; align_phone=&#8220;&#8220; align_last_edited=&#8220;on|desktop&#8220; admin_label=&#8220;Logo&#8220; module_class=&#8220;logo&#8220; _builder_version=&#8220;4.16&#8243; custom_margin=&#8220;0px|0px|0px|0px&#8220; animation=&#8220;off&#8220; sticky=&#8220;on&#8220; use_border_color=&#8220;off&#8220; border_color=&#8220;#ffffff&#8220; border_style=&#8220;solid&#8220; always_center_on_mobile=&#8220;on&#8220; global_colors_info=&#8220;{}&#8220;][\/et_pb_image][\/et_pb_column][\/et_pb_row][\/et_pb_section][et_pb_section fb_built=&#8220;1&#8243; module_id=&#8220;content&#8220; _builder_version=&#8220;4.16&#8243; background_color=&#8220;rgba(255,255,255,0)&#8220; custom_css_main_element=&#8220;background-position:0; background-repeat:repeat-y; background-size:1130px 100% !important;&#8220; transparent_background=&#8220;on&#8220; global_colors_info=&#8220;{}&#8220;][et_pb_row column_structure=&#8220;1_4,1_2,1_4&#8243; make_equal=&#8220;on&#8220; module_class=&#8220; et_pb_row_fullwidth et_pb_row_fullwidth&#8220; _builder_version=&#8220;4.16&#8243; background_size=&#8220;initial&#8220; background_position=&#8220;top_left&#8220; background_repeat=&#8220;repeat&#8220; width=&#8220;100%&#8220; width_tablet=&#8220;100%&#8220; width_phone=&#8220;&#8220; width_last_edited=&#8220;on|desktop&#8220; max_width=&#8220;100%&#8220; max_width_tablet=&#8220;100%&#8220; max_width_phone=&#8220;&#8220; max_width_last_edited=&#8220;on|desktop&#8220; make_fullwidth=&#8220;on&#8220; use_custom_width=&#8220;off&#8220; width_unit=&#8220;on&#8220; global_colors_info=&#8220;{}&#8220;][et_pb_column type=&#8220;1_4&#8243; module_class=&#8220;left-column&#8220; _builder_version=&#8220;4.16&#8243; background_color=&#8220;rgba(224,43,32,0)&#8220; custom_padding=&#8220;|||&#8220; global_colors_info=&#8220;{}&#8220; custom_padding__hover=&#8220;|||&#8220;][et_pb_sidebar area=&#8220;et_pb_widget_area_1&#8243; show_border=&#8220;off&#8220; admin_label=&#8220;Hauptmen\u00fc&#8220; module_class=&#8220;mainmenu&#8220; _builder_version=&#8220;4.16&#8243; remove_border=&#8220;off&#8220; global_colors_info=&#8220;{}&#8220;][\/et_pb_sidebar][et_pb_image src=&#8220;http:\/\/www.dolmetschergruppe.de\/tschech\/wp-content\/uploads\/sites\/5\/2021\/01\/drieschova.jpg&#8220; align=&#8220;center&#8220; align_tablet=&#8220;center&#8220; align_phone=&#8220;&#8220; align_last_edited=&#8220;on|desktop&#8220; admin_label=&#8220;Bild Drieschova&#8220; module_class=&#8220;pict-portrait&#8220; _builder_version=&#8220;4.16&#8243; animation=&#8220;off&#8220; sticky=&#8220;off&#8220; use_border_color=&#8220;off&#8220; border_color=&#8220;#ffffff&#8220; border_style=&#8220;solid&#8220; always_center_on_mobile=&#8220;on&#8220; global_colors_info=&#8220;{}&#8220;][\/et_pb_image][et_pb_text module_class=&#8220;bu-person&#8220; _builder_version=&#8220;4.16&#8243; background_size=&#8220;initial&#8220; background_position=&#8220;top_left&#8220; background_repeat=&#8220;repeat&#8220; module_alignment=&#8220;left&#8220; use_border_color=&#8220;off&#8220; border_color=&#8220;#ffffff&#8220; border_style=&#8220;solid&#8220; global_colors_info=&#8220;{}&#8220;]Ivana Drieschova \/ von den Driesch<br \/>\n[\/et_pb_text][\/et_pb_column][et_pb_column type=&#8220;1_2&#8243; module_class=&#8220;content person&#8220; _builder_version=&#8220;4.16&#8243; background_color=&#8220;#ecf4f3&#8243; custom_padding=&#8220;|||&#8220; global_colors_info=&#8220;{}&#8220; custom_padding__hover=&#8220;|||&#8220;][et_pb_text admin_label=&#8220;Name&#8220; _builder_version=&#8220;4.16&#8243; background_size=&#8220;initial&#8220; background_position=&#8220;top_left&#8220; background_repeat=&#8220;repeat&#8220; module_alignment=&#8220;left&#8220; border_style=&#8220;solid&#8220; global_colors_info=&#8220;{}&#8220;]<\/p>\n<table>\n<tbody>\n<tr>\n<td class=\"info\">Jm\u00e9no<\/td>\n<td class=\"daten\"><strong>PhDr. Ivana Drieschova \/ von den Driesch<\/strong><\/td>\n<\/tr>\n<\/tbody>\n<\/table>\n<p>[\/et_pb_text][et_pb_divider show_divider=&#8220;off&#8220; disabled_on=&#8220;on|on|off&#8220; _builder_version=&#8220;4.16&#8243; height=&#8220;10px&#8220; hide_on_mobile=&#8220;on&#8220; global_colors_info=&#8220;{}&#8220;][\/et_pb_divider][et_pb_text admin_label=&#8220;Adresse&#8220; _builder_version=&#8220;4.16&#8243; background_size=&#8220;initial&#8220; background_position=&#8220;top_left&#8220; background_repeat=&#8220;repeat&#8220; module_alignment=&#8220;left&#8220; z_index_tablet=&#8220;500&#8243; text_text_shadow_horizontal_length_tablet=&#8220;0px&#8220; text_text_shadow_vertical_length_tablet=&#8220;0px&#8220; text_text_shadow_blur_strength_tablet=&#8220;1px&#8220; link_text_shadow_horizontal_length_tablet=&#8220;0px&#8220; link_text_shadow_vertical_length_tablet=&#8220;0px&#8220; link_text_shadow_blur_strength_tablet=&#8220;1px&#8220; ul_text_shadow_horizontal_length_tablet=&#8220;0px&#8220; ul_text_shadow_vertical_length_tablet=&#8220;0px&#8220; ul_text_shadow_blur_strength_tablet=&#8220;1px&#8220; ol_text_shadow_horizontal_length_tablet=&#8220;0px&#8220; ol_text_shadow_vertical_length_tablet=&#8220;0px&#8220; ol_text_shadow_blur_strength_tablet=&#8220;1px&#8220; quote_text_shadow_horizontal_length_tablet=&#8220;0px&#8220; quote_text_shadow_vertical_length_tablet=&#8220;0px&#8220; quote_text_shadow_blur_strength_tablet=&#8220;1px&#8220; header_text_shadow_horizontal_length_tablet=&#8220;0px&#8220; header_text_shadow_vertical_length_tablet=&#8220;0px&#8220; header_text_shadow_blur_strength_tablet=&#8220;1px&#8220; header_2_text_shadow_horizontal_length_tablet=&#8220;0px&#8220; header_2_text_shadow_vertical_length_tablet=&#8220;0px&#8220; header_2_text_shadow_blur_strength_tablet=&#8220;1px&#8220; header_3_text_shadow_horizontal_length_tablet=&#8220;0px&#8220; header_3_text_shadow_vertical_length_tablet=&#8220;0px&#8220; header_3_text_shadow_blur_strength_tablet=&#8220;1px&#8220; header_4_text_shadow_horizontal_length_tablet=&#8220;0px&#8220; header_4_text_shadow_vertical_length_tablet=&#8220;0px&#8220; header_4_text_shadow_blur_strength_tablet=&#8220;1px&#8220; header_5_text_shadow_horizontal_length_tablet=&#8220;0px&#8220; header_5_text_shadow_vertical_length_tablet=&#8220;0px&#8220; header_5_text_shadow_blur_strength_tablet=&#8220;1px&#8220; header_6_text_shadow_horizontal_length_tablet=&#8220;0px&#8220; header_6_text_shadow_vertical_length_tablet=&#8220;0px&#8220; header_6_text_shadow_blur_strength_tablet=&#8220;1px&#8220; box_shadow_horizontal_tablet=&#8220;0px&#8220; box_shadow_vertical_tablet=&#8220;0px&#8220; box_shadow_blur_tablet=&#8220;40px&#8220; box_shadow_spread_tablet=&#8220;0px&#8220; use_border_color=&#8220;off&#8220; global_colors_info=&#8220;{}&#8220;]<\/p>\n<table>\n<tbody>\n<tr>\n<td class=\"info\">Ulice, \u010d.<\/td>\n<td class=\"daten\">Luise-Schr\u00f6der-Stra\u00dfe 1<\/td>\n<\/tr>\n<tr>\n<td class=\"info\">PS\u010c, m\u011bsto<\/td>\n<td class=\"daten\">41515 Grevenbroich<\/td>\n<\/tr>\n<tr>\n<td class=\"info\">Telefon<\/td>\n<td class=\"daten\"><a href=\"tel:+49-21815290\">02181 &#8211; 5290<\/a><\/td>\n<\/tr>\n<tr>\n<td class=\"info\">Mobil<\/td>\n<td class=\"daten\"><a href=\"tel:+49-1712668988\">0157 &#8211; 36477876<\/a><\/td>\n<\/tr>\n<tr>\n<td class=\"info\">Fax<\/td>\n<td class=\"daten\"><a href=\"tel:+49-21815732\">02181 &#8211; 5732<\/a><\/td>\n<\/tr>\n<tr>\n<td class=\"info\">E-Mail<\/td>\n<td class=\"daten\"><a href=\"mailto:iva&#110;a&#46;d&#114;&#105;&#101;scho&#118;a&#64;&#100;&#111;&#108;mets&#99;h&#101;r&#103;&#114;&#117;p&#112;&#101;.&#100;e\">i&#118;&#97;n&#97;&#46;&#100;&#114;ies&#99;&#104;&#111;&#118;a&#64;&#100;o&#108;mets&#99;&#104;&#101;r&#103;rup&#112;e.de<\/a><\/td>\n<\/tr>\n<\/tbody>\n<\/table>\n<p>[\/et_pb_text][et_pb_divider show_divider=&#8220;off&#8220; disabled_on=&#8220;on|on|off&#8220; _builder_version=&#8220;4.16&#8243; height=&#8220;10px&#8220; hide_on_mobile=&#8220;on&#8220; global_colors_info=&#8220;{}&#8220;][\/et_pb_divider][et_pb_text admin_label=&#8220;Qualifikation\/Person&#8220; _builder_version=&#8220;4.20.0&#8243; background_size=&#8220;initial&#8220; background_position=&#8220;top_left&#8220; background_repeat=&#8220;repeat&#8220; module_alignment=&#8220;left&#8220; hover_enabled=&#8220;0&#8243; border_style=&#8220;solid&#8220; global_colors_info=&#8220;{}&#8220; sticky_enabled=&#8220;0&#8243;]<\/p>\n<table>\n<tbody>\n<tr>\n<td class=\"info\">Kvalifikace<\/td>\n<td class=\"daten\">PhDr. jazykov\u011bda, slavistika,<br \/>tlumo\u010dnice a p\u0159ekladatelka se st\u00e1tn\u00ed zkou\u0161kou,<br \/>p\u0159\u00edse\u017en\u00e1 soudn\u00ed tlumo\u010dnice,<br \/>p\u0159\u00edse\u017en\u00e1 soudn\u00ed p\u0159ekladatelka<\/td>\n<\/tr>\n<tr>\n<td class=\"info\">\u010cinn\u00e1 od<\/td>\n<td class=\"daten\">1985<\/td>\n<\/tr>\n<tr>\n<td class=\"info\">Osobn\u00ed \u00fadaje<\/td>\n<td class=\"daten\">Tlumo\u010dnice a p\u0159ekladatelka jako svobodn\u00e9 povol\u00e1n\u00ed,<br \/>\u010dlenka seniorka v n\u011bmeck\u00e9m Spolkov\u00e9m svazu konferen\u010dn\u00edch tlumo\u010dn\u00edk\u016f BD\u00dc VKD,<br \/>pobyty v cizin\u011b: N\u011bmecko, Polsko, Slovensko, Rusko<\/td>\n<\/tr>\n<\/tbody>\n<\/table>\n<p>[\/et_pb_text][et_pb_divider show_divider=&#8220;off&#8220; disabled_on=&#8220;on|on|off&#8220; _builder_version=&#8220;4.16&#8243; height=&#8220;10px&#8220; hide_on_mobile=&#8220;on&#8220; global_colors_info=&#8220;{}&#8220;][\/et_pb_divider][et_pb_text admin_label=&#8220;Steuernummer, Aufsichtsbeh\u00f6rde&#8220; _builder_version=&#8220;4.16&#8243; background_size=&#8220;initial&#8220; background_position=&#8220;top_left&#8220; background_repeat=&#8220;repeat&#8220; module_alignment=&#8220;left&#8220; use_border_color=&#8220;off&#8220; border_color=&#8220;#ffffff&#8220; border_style=&#8220;solid&#8220; global_colors_info=&#8220;{}&#8220;]<\/p>\n<table>\n<tbody>\n<tr>\n<td class=\"info\">DI\u010c:<\/td>\n<td class=\"daten\">DE 119964362<\/td>\n<\/tr>\n<tr>\n<td class=\"info\">Zodpov\u011bdn\u00fd \u00fa\u0159ad<\/td>\n<td class=\"daten\">Vrchn\u00ed zemsk\u00fd soud D\u00fcsseldorf<\/td>\n<\/tr>\n<\/tbody>\n<\/table>\n<p>[\/et_pb_text][et_pb_divider show_divider=&#8220;off&#8220; disabled_on=&#8220;on|on|off&#8220; _builder_version=&#8220;4.16&#8243; height=&#8220;10px&#8220; hide_on_mobile=&#8220;on&#8220; global_colors_info=&#8220;{}&#8220;][\/et_pb_divider][et_pb_text admin_label=&#8220;Sprachen&#8220; _builder_version=&#8220;4.16&#8243; background_size=&#8220;initial&#8220; background_position=&#8220;top_left&#8220; background_repeat=&#8220;repeat&#8220; module_alignment=&#8220;left&#8220; border_style=&#8220;solid&#8220; global_colors_info=&#8220;{}&#8220;]<\/p>\n<table>\n<tbody>\n<tr style=\"height: 79px;\">\n<td class=\"info\" style=\"height: 79px;\">Jazyky<\/td>\n<td class=\"daten\" style=\"height: 79px;\">\u010de\u0161tina (mate\u0159\u0161tina)<br \/> n\u011bm\u010dina (1. pracovn\u00ed jazyk)<br \/> sloven\u0161tina, ru\u0161tina, pol\u0161tina (2. pracovn\u00ed jazyky)<\/td>\n<\/tr>\n<\/tbody>\n<\/table>\n<p>[\/et_pb_text][et_pb_divider show_divider=&#8220;off&#8220; disabled_on=&#8220;on|on|off&#8220; _builder_version=&#8220;4.16&#8243; height=&#8220;10px&#8220; hide_on_mobile=&#8220;on&#8220; global_colors_info=&#8220;{}&#8220;][\/et_pb_divider][et_pb_text admin_label=&#8220;Einsatzformen&#8220; _builder_version=&#8220;4.16&#8243; background_size=&#8220;initial&#8220; background_position=&#8220;top_left&#8220; background_repeat=&#8220;repeat&#8220; module_alignment=&#8220;left&#8220; use_border_color=&#8220;off&#8220; border_color=&#8220;#ffffff&#8220; border_style=&#8220;solid&#8220; global_colors_info=&#8220;{}&#8220;]<\/p>\n<table>\n<tbody>\n<tr>\n<td class=\"info\">Formy uplatn\u011bn\u00ed<\/td>\n<td class=\"daten liste \">\n<ul>\n<li>simult\u00e1nn\u00ed tlumo\u010den\u00ed<\/li>\n<li>konsekutivn\u00ed tlumo\u010den\u00ed<\/li>\n<li>tlumo\u010den\u00ed p\u0159i jedn\u00e1n\u00edch<\/li>\n<li>chuchotage<span face=\"Times New Roman, serif\"><span size=\"3\">\/<\/span><\/span><span face=\"Times New Roman, serif\"><span size=\"3\"><span lang=\"cs-CZ\">\u0161ept\u00e1n\u00ed<\/span><\/span><\/span><\/li>\n<li>p\u0159eklady<\/li>\n<\/ul>\n<\/td>\n<\/tr>\n<\/tbody>\n<\/table>\n<p>[\/et_pb_text][et_pb_divider show_divider=&#8220;off&#8220; disabled_on=&#8220;on|on|off&#8220; _builder_version=&#8220;4.16&#8243; height=&#8220;10px&#8220; hide_on_mobile=&#8220;on&#8220; global_colors_info=&#8220;{}&#8220;][\/et_pb_divider][et_pb_text admin_label=&#8220;Fachgebiete&#8220; _builder_version=&#8220;4.16&#8243; background_size=&#8220;initial&#8220; background_position=&#8220;top_left&#8220; background_repeat=&#8220;repeat&#8220; module_alignment=&#8220;left&#8220; use_border_color=&#8220;off&#8220; border_color=&#8220;#ffffff&#8220; border_style=&#8220;solid&#8220; global_colors_info=&#8220;{}&#8220;]<\/p>\n<table>\n<tbody>\n<tr>\n<td class=\"info\">Specializace<\/td>\n<td class=\"daten\">\n<p>Konstrukce pr\u016fmyslov\u00fdch komplex\u016f, stroj\u00edrenstv\u00ed, automobilov\u00fd pr\u016fmysl, energetika, odpadov\u00e9 hospod\u00e1\u0159stv\u00ed, elektrotechnika, reklama, podnikov\u00e9 hospod\u00e1\u0159stv\u00ed, pr\u00e1ce odbor\u016f, pracovn\u00ed pr\u00e1vo, politika, soudnictv\u00ed, vojenstv\u00ed, policie, poji\u0161t\u2018ovnictv\u00ed, smlouvy, televize<\/p>\n<\/td>\n<\/tr>\n<\/tbody>\n<\/table>\n<p>[\/et_pb_text][et_pb_divider show_divider=&#8220;off&#8220; disabled_on=&#8220;on|on|off&#8220; _builder_version=&#8220;4.16&#8243; height=&#8220;10px&#8220; hide_on_mobile=&#8220;on&#8220; global_colors_info=&#8220;{}&#8220;][\/et_pb_divider][et_pb_text admin_label=&#8220;Homepage&#8220; _builder_version=&#8220;4.16&#8243; background_size=&#8220;initial&#8220; background_position=&#8220;top_left&#8220; background_repeat=&#8220;repeat&#8220; module_alignment=&#8220;left&#8220; use_border_color=&#8220;off&#8220; border_color=&#8220;#ffffff&#8220; border_style=&#8220;solid&#8220; global_colors_info=&#8220;{}&#8220;]<\/p>\n<table>\n<tbody>\n<tr>\n<td class=\"info\">Homepage<\/td>\n<td class=\"daten\"><a href=\"http:\/\/www.czech-russian.de\" target=\"_blank\" rel=\"noopener noreferrer\">http:\/\/www.czech-russian.de<\/a><\/td>\n<\/tr>\n<\/tbody>\n<\/table>\n<p>[\/et_pb_text][\/et_pb_column][et_pb_column type=&#8220;1_4&#8243; module_class=&#8220;right-column&#8220; _builder_version=&#8220;4.16&#8243; background_color=&#8220;#ffffff&#8220; custom_padding=&#8220;|||&#8220; global_colors_info=&#8220;{}&#8220; custom_padding__hover=&#8220;|||&#8220;][et_pb_sidebar area=&#8220;et_pb_widget_area_3&#8243; admin_label=&#8220;Sprachversionen&#8220; module_class=&#8220;sprach-version&#8220; _builder_version=&#8220;4.16&#8243; _module_preset=&#8220;default&#8220; global_colors_info=&#8220;{}&#8220;][\/et_pb_sidebar][\/et_pb_column][\/et_pb_row][\/et_pb_section]<\/p>\n","protected":false},"excerpt":{"rendered":"<p>Ivana Drieschova \/ von den Driesch Jm\u00e9no PhDr. Ivana Drieschova \/ von den Driesch Ulice, \u010d.Luise-Schr\u00f6der-Stra\u00dfe 1PS\u010c, m\u011bsto41515 GrevenbroichTelefon02181 &#8211; 5290Mobil0157 &#8211; 36477876Fax02181 &#8211; 5732E-Mail<a href=\"mailto:&#105;van&#97;&#46;&#100;r&#105;&#101;scho&#118;&#97;&#64;d&#111;&#108;&#109;et&#115;c&#104;e&#114;&#103;&#114;&#117;&#112;&#112;&#101;.d&#101;\">i&#118;an&#97;.&#100;r&#105;&#101;sc&#104;&#111;v&#97;&#64;&#100;ol&#109;&#101;&#116;sch&#101;r&#103;r&#117;&#112;pe&#46;&#100;&#101;<\/a> Kvalifikace PhDr. jazykov\u011bda, slavistika,tlumo\u010dnice a p\u0159ekladatelka se st\u00e1tn\u00ed zkou\u0161kou,p\u0159\u00edse\u017en\u00e1 soudn\u00ed tlumo\u010dnice,p\u0159\u00edse\u017en\u00e1 soudn\u00ed p\u0159ekladatelka \u010cinn\u00e1 od 1985 Osobn\u00ed \u00fadaje Tlumo\u010dnice a p\u0159ekladatelka jako svobodn\u00e9 povol\u00e1n\u00ed,\u010dlenka seniorka v n\u011bmeck\u00e9m Spolkov\u00e9m svazu konferen\u010dn\u00edch [&hellip;]<\/p>\n","protected":false},"author":1,"featured_media":0,"parent":0,"menu_order":13,"comment_status":"closed","ping_status":"closed","template":"","meta":{"_et_pb_use_builder":"on","_et_pb_old_content":"","_et_gb_content_width":""},"_links":{"self":[{"href":"http:\/\/www.dolmetschergruppe.de\/tschech\/wp-json\/wp\/v2\/pages\/1962"}],"collection":[{"href":"http:\/\/www.dolmetschergruppe.de\/tschech\/wp-json\/wp\/v2\/pages"}],"about":[{"href":"http:\/\/www.dolmetschergruppe.de\/tschech\/wp-json\/wp\/v2\/types\/page"}],"author":[{"embeddable":true,"href":"http:\/\/www.dolmetschergruppe.de\/tschech\/wp-json\/wp\/v2\/users\/1"}],"replies":[{"embeddable":true,"href":"http:\/\/www.dolmetschergruppe.de\/tschech\/wp-json\/wp\/v2\/comments?post=1962"}],"version-history":[{"count":11,"href":"http:\/\/www.dolmetschergruppe.de\/tschech\/wp-json\/wp\/v2\/pages\/1962\/revisions"}],"predecessor-version":[{"id":2218,"href":"http:\/\/www.dolmetschergruppe.de\/tschech\/wp-json\/wp\/v2\/pages\/1962\/revisions\/2218"}],"wp:attachment":[{"href":"http:\/\/www.dolmetschergruppe.de\/tschech\/wp-json\/wp\/v2\/media?parent=1962"}],"curies":[{"name":"wp","href":"https:\/\/api.w.org\/{rel}","templated":true}]}}