{"id":1846,"date":"2021-01-11T17:29:42","date_gmt":"2021-01-11T16:29:42","guid":{"rendered":"http:\/\/www.dolmetschergruppe.de\/it\/?page_id=1846"},"modified":"2021-01-20T12:05:20","modified_gmt":"2021-01-20T11:05:20","slug":"kempe-it","status":"publish","type":"page","link":"http:\/\/www.dolmetschergruppe.de\/it\/kempe-it\/","title":{"rendered":"Kempe-it"},"content":{"rendered":"<p>[et_pb_section fb_built=&#8220;1&#8243; admin_label=&#8220;section&#8220; module_id=&#8220;header&#8220; _builder_version=&#8220;3.22&#8243; custom_padding=&#8220;0px|0px|0px|0px&#8220; transparent_background=&#8220;off&#8220; make_fullwidth=&#8220;off&#8220; use_custom_width=&#8220;off&#8220; width_unit=&#8220;on&#8220;][et_pb_row module_id=&#8220;sprachenmobile&#8220; _builder_version=&#8220;4.7.7&#8243; background_size=&#8220;initial&#8220; background_position=&#8220;top_left&#8220; background_repeat=&#8220;repeat&#8220; width=&#8220;100%&#8220; max_width=&#8220;100%&#8220; make_fullwidth=&#8220;off&#8220; use_custom_width=&#8220;on&#8220; width_unit=&#8220;off&#8220; custom_width_px=&#8220;960px&#8220; custom_width_percent=&#8220;100%&#8220;][et_pb_column type=&#8220;4_4&#8243; _builder_version=&#8220;3.25&#8243; custom_padding=&#8220;|||&#8220; custom_padding__hover=&#8220;|||&#8220;][et_pb_sidebar area=&#8220;et_pb_widget_area_7&#8243; show_border=&#8220;off&#8220; disabled_on=&#8220;off|off|on&#8220; admin_label=&#8220;Box f\u00fcr Button Sprachversion mobile&#8220; module_class=&#8220;sprach-version&#8220; _builder_version=&#8220;4.7.7&#8243; background_enable_color=&#8220;off&#8220; remove_border=&#8220;off&#8220;][\/et_pb_sidebar][\/et_pb_column][\/et_pb_row][et_pb_row column_structure=&#8220;3_4,1_4&#8243; module_class=&#8220;box-pict-head et_pb_row_fullwidth et_pb_row_fullwidth&#8220; _builder_version=&#8220;3.25&#8243; background_color=&#8220;rgba(255,255,255,0)&#8220; background_size=&#8220;initial&#8220; background_position=&#8220;top_left&#8220; background_repeat=&#8220;repeat&#8220; width=&#8220;100%&#8220; width_tablet=&#8220;100%&#8220; width_phone=&#8220;&#8220; width_last_edited=&#8220;on|desktop&#8220; max_width=&#8220;100%&#8220; max_width_tablet=&#8220;100%&#8220; max_width_phone=&#8220;&#8220; max_width_last_edited=&#8220;on|desktop&#8220; make_fullwidth=&#8220;on&#8220; use_custom_width=&#8220;off&#8220; width_unit=&#8220;on&#8220;][et_pb_column type=&#8220;3_4&#8243; _builder_version=&#8220;3.25&#8243; background_color=&#8220;#ffffff&#8220; custom_padding=&#8220;|||&#8220; custom_padding__hover=&#8220;|||&#8220;][et_pb_image src=&#8220;http:\/\/www.dolmetschergruppe.de\/it\/wp-content\/uploads\/sites\/4\/2021\/01\/pict_head_home.jpg&#8220; show_bottom_space=&#8220;off&#8220; align_tablet=&#8220;center&#8220; align_phone=&#8220;&#8220; align_last_edited=&#8220;on|desktop&#8220; module_class=&#8220;pict-head&#8220; _builder_version=&#8220;3.23&#8243; animation=&#8220;off&#8220; sticky=&#8220;on&#8220; use_border_color=&#8220;off&#8220; border_color=&#8220;#ffffff&#8220; border_style=&#8220;solid&#8220; always_center_on_mobile=&#8220;on&#8220;][\/et_pb_image][\/et_pb_column][et_pb_column type=&#8220;1_4&#8243; _builder_version=&#8220;3.25&#8243; background_color=&#8220;#ffffff&#8220; custom_padding=&#8220;|||&#8220; custom_padding__hover=&#8220;|||&#8220;][et_pb_image src=&#8220;http:\/\/www.dolmetschergruppe.de\/it\/wp-content\/uploads\/sites\/4\/2021\/01\/logo-big.png&#8220; alt=&#8220;Dolmetschergruppe Frankfurt&#8220; show_bottom_space=&#8220;off&#8220; align_tablet=&#8220;center&#8220; align_phone=&#8220;&#8220; align_last_edited=&#8220;on|desktop&#8220; admin_label=&#8220;Logo&#8220; module_class=&#8220;logo&#8220; _builder_version=&#8220;4.7.7&#8243; custom_margin=&#8220;0px|0px|0px|0px&#8220; hover_enabled=&#8220;0&#8243; animation=&#8220;off&#8220; sticky=&#8220;on&#8220; use_border_color=&#8220;off&#8220; border_color=&#8220;#ffffff&#8220; border_style=&#8220;solid&#8220; always_center_on_mobile=&#8220;on&#8220; url=&#8220;http:\/\/www.dolmetschergruppe.de\/it&#8220; sticky_enabled=&#8220;0&#8243;][\/et_pb_image][\/et_pb_column][\/et_pb_row][\/et_pb_section][et_pb_section fb_built=&#8220;1&#8243; module_id=&#8220;content&#8220; _builder_version=&#8220;3.22&#8243; background_color=&#8220;rgba(255,255,255,0)&#8220; custom_css_main_element=&#8220;background-position:0; background-repeat:repeat-y; background-size:1130px 100% !important;&#8220; transparent_background=&#8220;on&#8220;][et_pb_row column_structure=&#8220;1_4,1_2,1_4&#8243; make_equal=&#8220;on&#8220; module_class=&#8220; et_pb_row_fullwidth et_pb_row_fullwidth&#8220; _builder_version=&#8220;3.25&#8243; background_size=&#8220;initial&#8220; background_position=&#8220;top_left&#8220; background_repeat=&#8220;repeat&#8220; width=&#8220;100%&#8220; width_tablet=&#8220;100%&#8220; width_phone=&#8220;&#8220; width_last_edited=&#8220;on|desktop&#8220; max_width=&#8220;100%&#8220; max_width_tablet=&#8220;100%&#8220; max_width_phone=&#8220;&#8220; max_width_last_edited=&#8220;on|desktop&#8220; make_fullwidth=&#8220;on&#8220; use_custom_width=&#8220;off&#8220; width_unit=&#8220;on&#8220;][et_pb_column type=&#8220;1_4&#8243; module_class=&#8220;left-column&#8220; _builder_version=&#8220;3.25&#8243; background_color=&#8220;rgba(224,43,32,0)&#8220; custom_padding=&#8220;|||&#8220; custom_padding__hover=&#8220;|||&#8220;][et_pb_sidebar area=&#8220;et_pb_widget_area_1&#8243; show_border=&#8220;off&#8220; admin_label=&#8220;Hauptmen\u00fc&#8220; module_class=&#8220;mainmenu&#8220; _builder_version=&#8220;4.7.7&#8243; remove_border=&#8220;off&#8220;][\/et_pb_sidebar][et_pb_image src=&#8220;http:\/\/www.dolmetschergruppe.de\/it\/wp-content\/uploads\/sites\/4\/2021\/01\/kempe_neu.jpg&#8220; align=&#8220;center&#8220; align_tablet=&#8220;center&#8220; align_phone=&#8220;&#8220; align_last_edited=&#8220;on|desktop&#8220; admin_label=&#8220;Bild Kempe&#8220; module_class=&#8220;pict-portrait&#8220; _builder_version=&#8220;3.23&#8243; animation=&#8220;off&#8220; sticky=&#8220;off&#8220; use_border_color=&#8220;off&#8220; border_color=&#8220;#ffffff&#8220; border_style=&#8220;solid&#8220; always_center_on_mobile=&#8220;on&#8220;][\/et_pb_image][et_pb_text module_class=&#8220;bu-person&#8220; _builder_version=&#8220;3.27.4&#8243; background_size=&#8220;initial&#8220; background_position=&#8220;top_left&#8220; background_repeat=&#8220;repeat&#8220; module_alignment=&#8220;left&#8220; use_border_color=&#8220;off&#8220; border_color=&#8220;#ffffff&#8220; border_style=&#8220;solid&#8220;]Kai-Christian Kempe<br \/>\n[\/et_pb_text][\/et_pb_column][et_pb_column type=&#8220;1_2&#8243; module_class=&#8220;content person&#8220; _builder_version=&#8220;3.25&#8243; background_color=&#8220;#ecf4f3&#8243; custom_padding=&#8220;|||&#8220; custom_padding__hover=&#8220;|||&#8220;][et_pb_text admin_label=&#8220;Name&#8220; _builder_version=&#8220;3.27.4&#8243; background_size=&#8220;initial&#8220; background_position=&#8220;top_left&#8220; background_repeat=&#8220;repeat&#8220; module_alignment=&#8220;left&#8220; use_border_color=&#8220;off&#8220; border_color=&#8220;#ffffff&#8220; border_style=&#8220;solid&#8220;]<\/p>\n<table>\n<tbody>\n<tr>\n<td class=\"info\">Name<\/td>\n<td class=\"daten\"><strong>Kai-Christian Kempe<\/strong><\/td>\n<\/tr>\n<\/tbody>\n<\/table>\n<p>[\/et_pb_text][et_pb_divider show_divider=&#8220;off&#8220; disabled_on=&#8220;on|on|off&#8220; _builder_version=&#8220;3.2&#8243; height=&#8220;10px&#8220; hide_on_mobile=&#8220;on&#8220;][\/et_pb_divider][et_pb_text admin_label=&#8220;Adresse&#8220; _builder_version=&#8220;3.27.4&#8243; background_size=&#8220;initial&#8220; background_position=&#8220;top_left&#8220; background_repeat=&#8220;repeat&#8220; module_alignment=&#8220;left&#8220; use_border_color=&#8220;off&#8220; border_color=&#8220;#ffffff&#8220; border_style=&#8220;solid&#8220;]<\/p>\n<table>\n<tbody>\n<tr>\n<td class=\"info\">Stra\u00dfe, Nr.<\/td>\n<td class=\"daten\">Ro\u00dfdorfer Str. 34<\/td>\n<\/tr>\n<tr>\n<td class=\"info\">PLZ, Stadt<\/td>\n<td class=\"daten\">60385 Frankfurt am Main<\/td>\n<\/tr>\n<tr>\n<td class=\"info\">Telefon<\/td>\n<td class=\"daten\"><a href=\"tel:+49-6965604012\">069 &#8211; 65604012<\/a><\/td>\n<\/tr>\n<tr>\n<td class=\"info\">Mobil<\/td>\n<td class=\"daten\"><a href=\"tel:+49-17662812603\">0176 &#8211; 62812603<\/a><\/td>\n<\/tr>\n<tr>\n<td class=\"info\">E-Mail<\/td>\n<td class=\"daten\"><a href=\"mailto:ka&#105;.&#107;&#101;&#109;&#112;&#101;&#64;&#100;&#111;lm&#101;tsc&#104;er&#103;r&#117;p&#112;&#101;&#46;d&#101;\">k&#97;i&#46;&#107;&#101;&#109;p&#101;&#64;do&#108;met&#115;ch&#101;rg&#114;up&#112;&#101;.&#100;&#101;<\/a><\/td>\n<\/tr>\n<\/tbody>\n<\/table>\n<p>[\/et_pb_text][et_pb_divider show_divider=&#8220;off&#8220; disabled_on=&#8220;on|on|off&#8220; _builder_version=&#8220;3.2&#8243; height=&#8220;10px&#8220; hide_on_mobile=&#8220;on&#8220;][\/et_pb_divider][et_pb_text admin_label=&#8220;Qualifikation\/Person&#8220; _builder_version=&#8220;3.27.4&#8243; background_size=&#8220;initial&#8220; background_position=&#8220;top_left&#8220; background_repeat=&#8220;repeat&#8220; module_alignment=&#8220;left&#8220; z_index_tablet=&#8220;500&#8243; text_text_shadow_horizontal_length_tablet=&#8220;0px&#8220; text_text_shadow_vertical_length_tablet=&#8220;0px&#8220; text_text_shadow_blur_strength_tablet=&#8220;1px&#8220; link_text_shadow_horizontal_length_tablet=&#8220;0px&#8220; link_text_shadow_vertical_length_tablet=&#8220;0px&#8220; link_text_shadow_blur_strength_tablet=&#8220;1px&#8220; ul_text_shadow_horizontal_length_tablet=&#8220;0px&#8220; ul_text_shadow_vertical_length_tablet=&#8220;0px&#8220; ul_text_shadow_blur_strength_tablet=&#8220;1px&#8220; ol_text_shadow_horizontal_length_tablet=&#8220;0px&#8220; ol_text_shadow_vertical_length_tablet=&#8220;0px&#8220; ol_text_shadow_blur_strength_tablet=&#8220;1px&#8220; quote_text_shadow_horizontal_length_tablet=&#8220;0px&#8220; quote_text_shadow_vertical_length_tablet=&#8220;0px&#8220; quote_text_shadow_blur_strength_tablet=&#8220;1px&#8220; header_text_shadow_horizontal_length_tablet=&#8220;0px&#8220; header_text_shadow_vertical_length_tablet=&#8220;0px&#8220; header_text_shadow_blur_strength_tablet=&#8220;1px&#8220; header_2_text_shadow_horizontal_length_tablet=&#8220;0px&#8220; header_2_text_shadow_vertical_length_tablet=&#8220;0px&#8220; header_2_text_shadow_blur_strength_tablet=&#8220;1px&#8220; header_3_text_shadow_horizontal_length_tablet=&#8220;0px&#8220; header_3_text_shadow_vertical_length_tablet=&#8220;0px&#8220; header_3_text_shadow_blur_strength_tablet=&#8220;1px&#8220; header_4_text_shadow_horizontal_length_tablet=&#8220;0px&#8220; header_4_text_shadow_vertical_length_tablet=&#8220;0px&#8220; header_4_text_shadow_blur_strength_tablet=&#8220;1px&#8220; header_5_text_shadow_horizontal_length_tablet=&#8220;0px&#8220; header_5_text_shadow_vertical_length_tablet=&#8220;0px&#8220; header_5_text_shadow_blur_strength_tablet=&#8220;1px&#8220; header_6_text_shadow_horizontal_length_tablet=&#8220;0px&#8220; header_6_text_shadow_vertical_length_tablet=&#8220;0px&#8220; header_6_text_shadow_blur_strength_tablet=&#8220;1px&#8220; border_color_all=&#8220;#ffffff&#8220; box_shadow_horizontal_tablet=&#8220;0px&#8220; box_shadow_vertical_tablet=&#8220;0px&#8220; box_shadow_blur_tablet=&#8220;40px&#8220; box_shadow_spread_tablet=&#8220;0px&#8220; use_border_color=&#8220;off&#8220; border_color=&#8220;#ffffff&#8220; border_style=&#8220;solid&#8220;]<\/p>\n<table>\n<tbody>\n<tr>\n<td class=\"info\">Qualifikation<\/td>\n<td class=\"daten\">Konferenzdolmetscher &amp; \u00dcbersetzer (M.\u00a0A., M.Sc.); Erm\u00e4chtigter \u00dcbersetzer f\u00fcr Gerichte und Notare;<\/td>\n<\/tr>\n<tr>\n<td class=\"info\">T\u00e4tig seit<\/td>\n<td class=\"daten\">2012<\/td>\n<\/tr>\n<tr>\n<td class=\"info\">Zur Person<\/td>\n<td class=\"daten\">M.Sc. Dolmetschen und \u00dcbersetzen, Heriot-Watt University, Edinburgh; M.A. Spanisch und Franz\u00f6sisch, St Andrews University, St Andrews; Mitglied im VKD und BD\u00dc; Mehrj\u00e4hrige Studienaufenthalte in Gro\u00dfbritannien<\/td>\n<\/tr>\n<\/tbody>\n<\/table>\n<p>[\/et_pb_text][et_pb_divider show_divider=&#8220;off&#8220; disabled_on=&#8220;on|on|off&#8220; _builder_version=&#8220;3.2&#8243; height=&#8220;10px&#8220; hide_on_mobile=&#8220;on&#8220;][\/et_pb_divider][et_pb_text admin_label=&#8220;Steuernummer, Aufsichtsbeh\u00f6rde&#8220; _builder_version=&#8220;3.27.4&#8243; background_size=&#8220;initial&#8220; background_position=&#8220;top_left&#8220; background_repeat=&#8220;repeat&#8220; module_alignment=&#8220;left&#8220; use_border_color=&#8220;off&#8220; border_color=&#8220;#ffffff&#8220; border_style=&#8220;solid&#8220;]<\/p>\n<table>\n<tbody>\n<tr>\n<td class=\"info\">USt-IdNr.:<\/td>\n<td class=\"daten\">DE 290083143<\/td>\n<\/tr>\n<tr>\n<td class=\"info\">Aufsichtsbeh\u00f6rde<\/td>\n<td class=\"daten\">Landgericht Frankfurt<\/td>\n<\/tr>\n<\/tbody>\n<\/table>\n<p>[\/et_pb_text][et_pb_divider show_divider=&#8220;off&#8220; disabled_on=&#8220;on|on|off&#8220; _builder_version=&#8220;3.2&#8243; height=&#8220;10px&#8220; hide_on_mobile=&#8220;on&#8220;][\/et_pb_divider][et_pb_text admin_label=&#8220;Sprachen&#8220; _builder_version=&#8220;3.27.4&#8243; background_size=&#8220;initial&#8220; background_position=&#8220;top_left&#8220; background_repeat=&#8220;repeat&#8220; module_alignment=&#8220;left&#8220; use_border_color=&#8220;off&#8220; border_color=&#8220;#ffffff&#8220; border_style=&#8220;solid&#8220;]<\/p>\n<table>\n<tbody>\n<tr>\n<td class=\"info\">Sprachen<\/td>\n<td class=\"daten\">Deutsch (Muttersprache) Englisch (1. Arbeitssprache) Franz\u00f6sisch, Spanisch (2. Arbeitssprachen)<\/td>\n<\/tr>\n<\/tbody>\n<\/table>\n<p>[\/et_pb_text][et_pb_divider show_divider=&#8220;off&#8220; disabled_on=&#8220;on|on|off&#8220; _builder_version=&#8220;3.2&#8243; height=&#8220;10px&#8220; hide_on_mobile=&#8220;on&#8220;][\/et_pb_divider][et_pb_text admin_label=&#8220;Einsatzformen&#8220; _builder_version=&#8220;3.27.4&#8243; background_size=&#8220;initial&#8220; background_position=&#8220;top_left&#8220; background_repeat=&#8220;repeat&#8220; module_alignment=&#8220;left&#8220; use_border_color=&#8220;off&#8220; border_color=&#8220;#ffffff&#8220; border_style=&#8220;solid&#8220;]<\/p>\n<table>\n<tbody>\n<tr>\n<td class=\"info\">Einsatzformen<\/td>\n<td class=\"daten liste \">\n<ul>\n<li>Simultandolmetschen<\/li>\n<li>Konsekutivdolmetschen<\/li>\n<li>Verhandlungsdolmetschen<\/li>\n<li>Fl\u00fcsterdolmetschen<\/li>\n<li>\u00dcbersetzen<\/li>\n<\/ul>\n<\/td>\n<\/tr>\n<\/tbody>\n<\/table>\n<p>[\/et_pb_text][et_pb_divider show_divider=&#8220;off&#8220; disabled_on=&#8220;on|on|off&#8220; _builder_version=&#8220;3.2&#8243; height=&#8220;10px&#8220; hide_on_mobile=&#8220;on&#8220;][\/et_pb_divider][et_pb_text admin_label=&#8220;Fachgebiete&#8220; _builder_version=&#8220;3.27.4&#8243; background_size=&#8220;initial&#8220; background_position=&#8220;top_left&#8220; background_repeat=&#8220;repeat&#8220; module_alignment=&#8220;left&#8220; use_border_color=&#8220;off&#8220; border_color=&#8220;#ffffff&#8220; border_style=&#8220;solid&#8220;]<\/p>\n<table>\n<tbody>\n<tr>\n<td class=\"info\">Fachgebiete<\/td>\n<td class=\"daten\">Politik, Medien, Gewerkschaften, Wirtschaft und Internationaler Handel, Gesundheit\/Medizin, Forschung und Entwicklung, Recht, Kunst und Kultur<\/td>\n<\/tr>\n<\/tbody>\n<\/table>\n<p>[\/et_pb_text][et_pb_divider show_divider=&#8220;off&#8220; disabled_on=&#8220;on|on|off&#8220; _builder_version=&#8220;3.2&#8243; height=&#8220;10px&#8220; hide_on_mobile=&#8220;on&#8220;][\/et_pb_divider][et_pb_text admin_label=&#8220;Homepage&#8220; _builder_version=&#8220;3.27.4&#8243; background_size=&#8220;initial&#8220; background_position=&#8220;top_left&#8220; background_repeat=&#8220;repeat&#8220; module_alignment=&#8220;left&#8220; use_border_color=&#8220;off&#8220; border_color=&#8220;#ffffff&#8220; border_style=&#8220;solid&#8220;]<\/p>\n<table>\n<tbody>\n<tr>\n<td class=\"info\">Homepage<\/td>\n<td class=\"daten\"><a href=\"http:\/\/www.kempe-dolmetschen.de\" target=\"_blank\" rel=\"noopener noreferrer\">http:\/www.kempe-dolmetschen.de<\/a><\/td>\n<\/tr>\n<\/tbody>\n<\/table>\n<p>[\/et_pb_text][\/et_pb_column][et_pb_column type=&#8220;1_4&#8243; module_class=&#8220;right-column&#8220; _builder_version=&#8220;3.25&#8243; background_color=&#8220;#ffffff&#8220; custom_padding=&#8220;|||&#8220; custom_padding__hover=&#8220;|||&#8220;][et_pb_sidebar area=&#8220;et_pb_widget_area_7&#8243; admin_label=&#8220;Sprachversionen&#8220; module_class=&#8220;sprach-version&#8220; _builder_version=&#8220;4.7.7&#8243; _module_preset=&#8220;default&#8220;][\/et_pb_sidebar][\/et_pb_column][\/et_pb_row][\/et_pb_section]<\/p>\n","protected":false},"excerpt":{"rendered":"<p>Kai-Christian Kempe Name Kai-Christian Kempe Stra\u00dfe, Nr. Ro\u00dfdorfer Str. 34 PLZ, Stadt 60385 Frankfurt am Main Telefon 069 &#8211; 65604012 Mobil 0176 &#8211; 62812603 E-Mail <a href=\"mailto:&#107;&#97;&#105;&#46;&#107;em&#112;e&#64;d&#111;&#108;&#109;&#101;&#116;scher&#103;&#114;&#117;&#112;&#112;e.de\">ka&#105;&#46;&#107;&#101;mp&#101;&#64;d&#111;lme&#116;&#115;&#99;&#104;&#101;&#114;&#103;&#114;uppe.d&#101;<\/a> Qualifikation Konferenzdolmetscher &amp; \u00dcbersetzer (M.\u00a0A., M.Sc.); Erm\u00e4chtigter \u00dcbersetzer f\u00fcr Gerichte und Notare; T\u00e4tig seit 2012 Zur Person M.Sc. Dolmetschen und \u00dcbersetzen, Heriot-Watt University, Edinburgh; M.A. Spanisch und Franz\u00f6sisch, St [&hellip;]<\/p>\n","protected":false},"author":1,"featured_media":0,"parent":0,"menu_order":25,"comment_status":"closed","ping_status":"closed","template":"","meta":{"_et_pb_use_builder":"on","_et_pb_old_content":"","_et_gb_content_width":""},"_links":{"self":[{"href":"http:\/\/www.dolmetschergruppe.de\/it\/wp-json\/wp\/v2\/pages\/1846"}],"collection":[{"href":"http:\/\/www.dolmetschergruppe.de\/it\/wp-json\/wp\/v2\/pages"}],"about":[{"href":"http:\/\/www.dolmetschergruppe.de\/it\/wp-json\/wp\/v2\/types\/page"}],"author":[{"embeddable":true,"href":"http:\/\/www.dolmetschergruppe.de\/it\/wp-json\/wp\/v2\/users\/1"}],"replies":[{"embeddable":true,"href":"http:\/\/www.dolmetschergruppe.de\/it\/wp-json\/wp\/v2\/comments?post=1846"}],"version-history":[{"count":5,"href":"http:\/\/www.dolmetschergruppe.de\/it\/wp-json\/wp\/v2\/pages\/1846\/revisions"}],"predecessor-version":[{"id":2317,"href":"http:\/\/www.dolmetschergruppe.de\/it\/wp-json\/wp\/v2\/pages\/1846\/revisions\/2317"}],"wp:attachment":[{"href":"http:\/\/www.dolmetschergruppe.de\/it\/wp-json\/wp\/v2\/media?parent=1846"}],"curies":[{"name":"wp","href":"https:\/\/api.w.org\/{rel}","templated":true}]}}