{"id":1831,"date":"2021-01-11T17:16:34","date_gmt":"2021-01-11T16:16:34","guid":{"rendered":"http:\/\/www.dolmetschergruppe.de\/it\/?page_id=1831"},"modified":"2021-01-20T12:02:16","modified_gmt":"2021-01-20T11:02:16","slug":"eissmann-it","status":"publish","type":"page","link":"http:\/\/www.dolmetschergruppe.de\/it\/eissmann-it\/","title":{"rendered":"Ei\u00dfmann-it"},"content":{"rendered":"<p>[et_pb_section fb_built=&#8220;1&#8243; admin_label=&#8220;section&#8220; module_id=&#8220;header&#8220; _builder_version=&#8220;3.22&#8243; custom_padding=&#8220;0px|0px|0px|0px&#8220; transparent_background=&#8220;off&#8220; make_fullwidth=&#8220;off&#8220; use_custom_width=&#8220;off&#8220; width_unit=&#8220;on&#8220;][et_pb_row module_id=&#8220;sprachen-mobile&#8220; _builder_version=&#8220;3.25&#8243; background_size=&#8220;initial&#8220; background_position=&#8220;top_left&#8220; background_repeat=&#8220;repeat&#8220; width=&#8220;100%&#8220; max_width=&#8220;100%&#8220; make_fullwidth=&#8220;off&#8220; use_custom_width=&#8220;on&#8220; width_unit=&#8220;off&#8220; custom_width_px=&#8220;960px&#8220; custom_width_percent=&#8220;100%&#8220;][et_pb_column type=&#8220;4_4&#8243; _builder_version=&#8220;3.25&#8243; custom_padding=&#8220;|||&#8220; custom_padding__hover=&#8220;|||&#8220;][et_pb_sidebar area=&#8220;et_pb_widget_area_4&#8243; show_border=&#8220;off&#8220; admin_label=&#8220;Box f\u00fcr Button Sprachversion mobile&#8220; _builder_version=&#8220;3.0.83&#8243; remove_border=&#8220;off&#8220;][\/et_pb_sidebar][et_pb_sidebar area=&#8220;et_pb_widget_area_5&#8243; show_border=&#8220;off&#8220; admin_label=&#8220;Box f\u00fcr Button Sprachversion mobile&#8220; _builder_version=&#8220;3.0.83&#8243; remove_border=&#8220;off&#8220;][\/et_pb_sidebar][\/et_pb_column][\/et_pb_row][et_pb_row module_id=&#8220;sprachenmobile&#8220; _builder_version=&#8220;4.7.7&#8243; background_size=&#8220;initial&#8220; background_position=&#8220;top_left&#8220; background_repeat=&#8220;repeat&#8220; width=&#8220;100%&#8220; max_width=&#8220;100%&#8220; make_fullwidth=&#8220;off&#8220; use_custom_width=&#8220;on&#8220; width_unit=&#8220;off&#8220; custom_width_px=&#8220;960px&#8220; custom_width_percent=&#8220;100%&#8220;][et_pb_column type=&#8220;4_4&#8243; _builder_version=&#8220;3.25&#8243; custom_padding=&#8220;|||&#8220; custom_padding__hover=&#8220;|||&#8220;][et_pb_sidebar area=&#8220;et_pb_widget_area_7&#8243; show_border=&#8220;off&#8220; disabled_on=&#8220;off|off|on&#8220; admin_label=&#8220;Box f\u00fcr Button Sprachversion mobile&#8220; module_class=&#8220;sprach-version&#8220; _builder_version=&#8220;4.7.7&#8243; background_enable_color=&#8220;off&#8220; remove_border=&#8220;off&#8220;][\/et_pb_sidebar][\/et_pb_column][\/et_pb_row][et_pb_row column_structure=&#8220;3_4,1_4&#8243; module_class=&#8220;box-pict-head et_pb_row_fullwidth&#8220; _builder_version=&#8220;3.25&#8243; background_color=&#8220;rgba(255,255,255,0)&#8220; background_size=&#8220;initial&#8220; background_position=&#8220;top_left&#8220; background_repeat=&#8220;repeat&#8220; width=&#8220;100%&#8220; width_tablet=&#8220;100%&#8220; width_phone=&#8220;&#8220; width_last_edited=&#8220;on|desktop&#8220; max_width=&#8220;100%&#8220; max_width_tablet=&#8220;100%&#8220; max_width_phone=&#8220;&#8220; max_width_last_edited=&#8220;on|desktop&#8220; make_fullwidth=&#8220;on&#8220; use_custom_width=&#8220;off&#8220; width_unit=&#8220;on&#8220;][et_pb_column type=&#8220;3_4&#8243; _builder_version=&#8220;3.25&#8243; background_color=&#8220;#ffffff&#8220; custom_padding=&#8220;|||&#8220; custom_padding__hover=&#8220;|||&#8220;][et_pb_image src=&#8220;http:\/\/www.dolmetschergruppe.de\/it\/wp-content\/uploads\/sites\/4\/2021\/01\/pict_head_home.jpg&#8220; show_bottom_space=&#8220;off&#8220; align_tablet=&#8220;center&#8220; align_phone=&#8220;&#8220; align_last_edited=&#8220;on|desktop&#8220; module_class=&#8220;pict-head&#8220; _builder_version=&#8220;3.23&#8243; animation=&#8220;off&#8220; sticky=&#8220;on&#8220; use_border_color=&#8220;off&#8220; border_color=&#8220;#ffffff&#8220; border_style=&#8220;solid&#8220; always_center_on_mobile=&#8220;on&#8220;][\/et_pb_image][\/et_pb_column][et_pb_column type=&#8220;1_4&#8243; _builder_version=&#8220;3.25&#8243; background_color=&#8220;#ffffff&#8220; custom_padding=&#8220;|||&#8220; custom_padding__hover=&#8220;|||&#8220;][et_pb_image src=&#8220;http:\/\/www.dolmetschergruppe.de\/it\/wp-content\/uploads\/sites\/4\/2021\/01\/logo-big.png&#8220; alt=&#8220;Dolmetschergruppe Frankfurt&#8220; show_bottom_space=&#8220;off&#8220; align_tablet=&#8220;center&#8220; align_phone=&#8220;&#8220; align_last_edited=&#8220;on|desktop&#8220; admin_label=&#8220;Logo&#8220; module_class=&#8220;logo&#8220; _builder_version=&#8220;4.7.7&#8243; custom_margin=&#8220;0px|0px|0px|0px&#8220; hover_enabled=&#8220;0&#8243; animation=&#8220;off&#8220; sticky=&#8220;on&#8220; use_border_color=&#8220;off&#8220; border_color=&#8220;#ffffff&#8220; border_style=&#8220;solid&#8220; always_center_on_mobile=&#8220;on&#8220; url=&#8220;http:\/\/www.dolmetschergruppe.de\/it&#8220; sticky_enabled=&#8220;0&#8243;][\/et_pb_image][\/et_pb_column][\/et_pb_row][\/et_pb_section][et_pb_section fb_built=&#8220;1&#8243; disabled_on=&#8220;off||&#8220; module_id=&#8220;content&#8220; _builder_version=&#8220;3.22&#8243; background_color=&#8220;rgba(255,255,255,0)&#8220; custom_css_main_element=&#8220;background-position:0; background-repeat:repeat-y; background-size:1130px 100% !important;&#8220; transparent_background=&#8220;on&#8220;][et_pb_row column_structure=&#8220;1_4,1_2,1_4&#8243; make_equal=&#8220;on&#8220; module_class=&#8220; et_pb_row_fullwidth&#8220; _builder_version=&#8220;3.25&#8243; background_size=&#8220;initial&#8220; background_position=&#8220;top_left&#8220; background_repeat=&#8220;repeat&#8220; width=&#8220;100%&#8220; width_tablet=&#8220;100%&#8220; width_phone=&#8220;&#8220; width_last_edited=&#8220;on|desktop&#8220; max_width=&#8220;100%&#8220; max_width_tablet=&#8220;100%&#8220; max_width_phone=&#8220;&#8220; max_width_last_edited=&#8220;on|desktop&#8220; make_fullwidth=&#8220;on&#8220; use_custom_width=&#8220;off&#8220; width_unit=&#8220;on&#8220;][et_pb_column type=&#8220;1_4&#8243; module_class=&#8220;left-column&#8220; _builder_version=&#8220;3.25&#8243; background_color=&#8220;rgba(224,43,32,0)&#8220; custom_padding=&#8220;|||&#8220; custom_padding__hover=&#8220;|||&#8220;][et_pb_sidebar area=&#8220;et_pb_widget_area_1&#8243; show_border=&#8220;off&#8220; admin_label=&#8220;Hauptmen\u00fc&#8220; module_class=&#8220;mainmenu&#8220; _builder_version=&#8220;4.7.7&#8243; remove_border=&#8220;off&#8220;][\/et_pb_sidebar][et_pb_image src=&#8220;http:\/\/www.dolmetschergruppe.de\/it\/wp-content\/uploads\/sites\/4\/2021\/01\/eismann.jpg&#8220; show_in_lightbox=&#8220;on&#8220; align=&#8220;center&#8220; align_tablet=&#8220;center&#8220; align_phone=&#8220;&#8220; align_last_edited=&#8220;on|desktop&#8220; admin_label=&#8220;Bild Ei\u00dfmann&#8220; module_class=&#8220;pict-portrait&#8220; _builder_version=&#8220;3.23&#8243; animation=&#8220;off&#8220; sticky=&#8220;off&#8220; border_style=&#8220;solid&#8220; always_center_on_mobile=&#8220;on&#8220;][\/et_pb_image][et_pb_text module_class=&#8220;bu-person&#8220; _builder_version=&#8220;4.7.7&#8243; text_text_color=&#8220;#FFFFFF&#8220; background_size=&#8220;initial&#8220; background_position=&#8220;top_left&#8220; background_repeat=&#8220;repeat&#8220; module_alignment=&#8220;left&#8220; use_border_color=&#8220;off&#8220; border_color=&#8220;#ffffff&#8220; border_style=&#8220;solid&#8220;]Herbert K. Ei\u00dfmann<br \/>\n[\/et_pb_text][\/et_pb_column][et_pb_column type=&#8220;1_2&#8243; module_class=&#8220;content person&#8220; _builder_version=&#8220;3.25&#8243; background_color=&#8220;#ecf4f3&#8243; custom_padding=&#8220;|||&#8220; custom_padding__hover=&#8220;|||&#8220;][et_pb_text admin_label=&#8220;Name&#8220; _builder_version=&#8220;3.27.4&#8243; background_size=&#8220;initial&#8220; background_position=&#8220;top_left&#8220; background_repeat=&#8220;repeat&#8220; module_alignment=&#8220;left&#8220; use_border_color=&#8220;off&#8220; border_color=&#8220;#ffffff&#8220; border_style=&#8220;solid&#8220;]<\/p>\n<table>\n<tbody>\n<tr>\n<td class=\"info\">Name<\/td>\n<td class=\"daten\"><strong>Herbert K. Ei\u00dfmann<\/strong><\/td>\n<\/tr>\n<\/tbody>\n<\/table>\n<p>[\/et_pb_text][et_pb_divider show_divider=&#8220;off&#8220; disabled_on=&#8220;on|on|off&#8220; _builder_version=&#8220;3.23.4&#8243; height=&#8220;10px&#8220; hide_on_mobile=&#8220;on&#8220;][\/et_pb_divider][et_pb_text admin_label=&#8220;Adresse&#8220; _builder_version=&#8220;3.27.4&#8243; background_size=&#8220;initial&#8220; background_position=&#8220;top_left&#8220; background_repeat=&#8220;repeat&#8220; module_alignment=&#8220;left&#8220; use_border_color=&#8220;off&#8220; border_color=&#8220;#ffffff&#8220; border_style=&#8220;solid&#8220;]<\/p>\n<table>\n<tbody>\n<tr>\n<td class=\"info\">Stra\u00dfe, Nr.<\/td>\n<td class=\"daten\">Dorfanger 21<\/td>\n<\/tr>\n<tr>\n<td class=\"info\">PLZ, Stadt<\/td>\n<td class=\"daten\">65191 Wiesbaden<\/td>\n<\/tr>\n<tr>\n<td class=\"info\">Telefon<\/td>\n<td class=\"daten\"><a href=\"tel:+49611-508498\">0611 &#8211; 50 84 98<\/a><\/td>\n<\/tr>\n<tr>\n<td class=\"info\">Fax<\/td>\n<td class=\"daten\"><a href=\"tel:+49-611509307\">0611 &#8211; 50 93 07<\/a><\/td>\n<\/tr>\n<tr>\n<td class=\"info\">E-Mail<\/td>\n<td class=\"daten\"><a href=\"mailto:h&#101;&#114;b&#101;&#114;&#116;.&#101;is&#115;&#109;an&#110;&#64;d&#111;&#108;m&#101;ts&#99;&#104;&#101;rg&#114;&#117;p&#112;&#101;&#46;de\">he&#114;ber&#116;.ei&#115;&#115;m&#97;n&#110;&#64;&#100;o&#108;&#109;e&#116;sc&#104;e&#114;g&#114;uppe&#46;de<\/a><\/td>\n<\/tr>\n<\/tbody>\n<\/table>\n<p>[\/et_pb_text][et_pb_divider show_divider=&#8220;off&#8220; disabled_on=&#8220;on|on|off&#8220; _builder_version=&#8220;3.23.4&#8243; height=&#8220;10px&#8220; hide_on_mobile=&#8220;on&#8220;][\/et_pb_divider][et_pb_text admin_label=&#8220;Qualifikation&#8220; _builder_version=&#8220;3.27.4&#8243; background_size=&#8220;initial&#8220; background_position=&#8220;top_left&#8220; background_repeat=&#8220;repeat&#8220; module_alignment=&#8220;left&#8220; use_border_color=&#8220;off&#8220; border_color=&#8220;#ffffff&#8220; border_style=&#8220;solid&#8220;]<\/p>\n<table>\n<tbody>\n<tr>\n<td class=\"info\">Qualifikation<\/td>\n<td class=\"daten\">Diplom-Dolmetscher<\/td>\n<\/tr>\n<tr>\n<td class=\"info\"><\/td>\n<td class=\"daten\">Diplom-\u00dcbersetzer<\/td>\n<\/tr>\n<tr>\n<td class=\"info\">T\u00e4tig seit<\/td>\n<td class=\"daten\">1985<\/td>\n<\/tr>\n<tr>\n<td class=\"info\">Zur Person<\/td>\n<td class=\"daten\">Diplom-\u00dcbersetzer: Germersheim, August 1985, Diplom-Dolmetscher: Germersheim, M\u00e4rz 1987, Auslandsstudiensemester in England und Frankreich. Anstellung im \u00d6ffentlichen Dienst, dann in der Wirtschaft\/Industrie. Seit 1994 freiberuflich<\/td>\n<\/tr>\n<\/tbody>\n<\/table>\n<p>[\/et_pb_text][et_pb_divider show_divider=&#8220;off&#8220; disabled_on=&#8220;on|on|off&#8220; _builder_version=&#8220;3.23.4&#8243; height=&#8220;10px&#8220; hide_on_mobile=&#8220;on&#8220;][\/et_pb_divider][et_pb_text admin_label=&#8220;Steuernummer, Aufsichtsbeh\u00f6rde&#8220; _builder_version=&#8220;3.27.4&#8243; background_size=&#8220;initial&#8220; background_position=&#8220;top_left&#8220; background_repeat=&#8220;repeat&#8220; module_alignment=&#8220;left&#8220; use_border_color=&#8220;off&#8220; border_color=&#8220;#ffffff&#8220; border_style=&#8220;solid&#8220;]<\/p>\n<table>\n<tbody>\n<tr>\n<td class=\"info\">USt-IdNr.:<\/td>\n<td class=\"daten\">DE159188308<\/td>\n<\/tr>\n<tr>\n<td class=\"info\">Aufsichtsbeh\u00f6rde<\/td>\n<td class=\"daten\">Landgericht Wiesbaden<\/td>\n<\/tr>\n<\/tbody>\n<\/table>\n<p>[\/et_pb_text][et_pb_divider show_divider=&#8220;off&#8220; disabled_on=&#8220;on|on|off&#8220; _builder_version=&#8220;3.23.4&#8243; height=&#8220;10px&#8220; hide_on_mobile=&#8220;on&#8220;][\/et_pb_divider][et_pb_text admin_label=&#8220;Sprachen&#8220; _builder_version=&#8220;3.27.4&#8243; background_size=&#8220;initial&#8220; background_position=&#8220;top_left&#8220; background_repeat=&#8220;repeat&#8220; module_alignment=&#8220;left&#8220; use_border_color=&#8220;off&#8220; border_color=&#8220;#ffffff&#8220; border_style=&#8220;solid&#8220;]<\/p>\n<table>\n<tbody>\n<tr>\n<td class=\"info\">Sprachen<\/td>\n<td class=\"daten\">Deutsch (Muttersprachen) Englisch (1. Arbeitssprache) Franz\u00f6sisch (2. Arbeitssprache)<\/td>\n<\/tr>\n<\/tbody>\n<\/table>\n<p>[\/et_pb_text][et_pb_divider show_divider=&#8220;off&#8220; disabled_on=&#8220;on|on|off&#8220; _builder_version=&#8220;3.23.4&#8243; height=&#8220;10px&#8220; hide_on_mobile=&#8220;on&#8220;][\/et_pb_divider][et_pb_text admin_label=&#8220;Einsatzformen&#8220; module_id=&#8220;einsatzformen&#8220; module_class=&#8220;einsatzformen&#8220; _builder_version=&#8220;3.27.4&#8243; background_size=&#8220;initial&#8220; background_position=&#8220;top_left&#8220; background_repeat=&#8220;repeat&#8220; module_alignment=&#8220;left&#8220; use_border_color=&#8220;off&#8220; border_color=&#8220;#ffffff&#8220; border_style=&#8220;solid&#8220;]<\/p>\n<table>\n<tbody>\n<tr>\n<td class=\"info\">Einsatzformen<\/td>\n<td class=\"daten liste \">\n<ul>\n<li>Simultandolmetschen<\/li>\n<li>Konsekutivdolmetschen<\/li>\n<li>Verhandlungsdolmetschen<\/li>\n<li>Fl\u00fcsterdolmetschen<\/li>\n<li>\u00dcbersetzen<\/li>\n<\/ul>\n<\/td>\n<\/tr>\n<\/tbody>\n<\/table>\n<p>[\/et_pb_text][et_pb_divider show_divider=&#8220;off&#8220; disabled_on=&#8220;on|on|off&#8220; _builder_version=&#8220;3.23.4&#8243; height=&#8220;10px&#8220; hide_on_mobile=&#8220;on&#8220;][\/et_pb_divider][et_pb_text admin_label=&#8220;Fachgebiete&#8220; _builder_version=&#8220;3.27.4&#8243; background_size=&#8220;initial&#8220; background_position=&#8220;top_left&#8220; background_repeat=&#8220;repeat&#8220; module_alignment=&#8220;left&#8220; use_border_color=&#8220;off&#8220; border_color=&#8220;#ffffff&#8220; border_style=&#8220;solid&#8220;]<\/p>\n<table>\n<tbody>\n<tr>\n<td class=\"info\">Fachgebiete<\/td>\n<td class=\"daten\">Wirtschaft und Finanzen, Technik &amp; Wissenschaft, Politik und Soziales, Telekommunikation, Informatik, IT, Nachrichtentechnik, Software, Marketing, Verkaufsf\u00f6rderung, Marktforschung, \u00d6ffentlichkeitsarbeit, PR, Hauptversammlungen, Aufsichtsratssitzungen, Gesellschafterversammlungen, Vorstandssitzungen, Automobilindustrie, European Works Council, Arbeitsschutz, Vertr\u00e4ge aller Art und notarielle Verhandlungen, Immobilien<\/td>\n<\/tr>\n<\/tbody>\n<\/table>\n<p>[\/et_pb_text][\/et_pb_column][et_pb_column type=&#8220;1_4&#8243; module_class=&#8220;right-column&#8220; _builder_version=&#8220;3.25&#8243; background_color=&#8220;#ffffff&#8220; custom_padding=&#8220;|||&#8220; custom_padding__hover=&#8220;|||&#8220;][et_pb_sidebar area=&#8220;et_pb_widget_area_7&#8243; admin_label=&#8220;Sprachversionen&#8220; module_class=&#8220;sprach-version&#8220; _builder_version=&#8220;4.7.7&#8243; _module_preset=&#8220;default&#8220;][\/et_pb_sidebar][\/et_pb_column][\/et_pb_row][\/et_pb_section]<\/p>\n","protected":false},"excerpt":{"rendered":"<p>Herbert K. Ei\u00dfmann Name Herbert K. Ei\u00dfmann Stra\u00dfe, Nr. Dorfanger 21 PLZ, Stadt 65191 Wiesbaden Telefon 0611 &#8211; 50 84 98 Fax 0611 &#8211; 50 93 07 E-Mail <a href=\"mailto:h&#101;&#114;&#98;&#101;&#114;&#116;.&#101;&#105;s&#115;&#109;&#97;nn&#64;d&#111;&#108;&#109;&#101;ts&#99;her&#103;&#114;&#117;&#112;pe.&#100;&#101;\">&#104;&#101;&#114;b&#101;rt&#46;&#101;&#105;&#115;&#115;mann&#64;d&#111;l&#109;&#101;&#116;&#115;ch&#101;rgru&#112;pe.de<\/a> Qualifikation Diplom-Dolmetscher Diplom-\u00dcbersetzer T\u00e4tig seit 1985 Zur Person Diplom-\u00dcbersetzer: Germersheim, August 1985, Diplom-Dolmetscher: Germersheim, M\u00e4rz 1987, Auslandsstudiensemester in England und Frankreich. Anstellung im \u00d6ffentlichen Dienst, dann [&hellip;]<\/p>\n","protected":false},"author":1,"featured_media":0,"parent":0,"menu_order":16,"comment_status":"closed","ping_status":"closed","template":"","meta":{"_et_pb_use_builder":"on","_et_pb_old_content":"","_et_gb_content_width":""},"_links":{"self":[{"href":"http:\/\/www.dolmetschergruppe.de\/it\/wp-json\/wp\/v2\/pages\/1831"}],"collection":[{"href":"http:\/\/www.dolmetschergruppe.de\/it\/wp-json\/wp\/v2\/pages"}],"about":[{"href":"http:\/\/www.dolmetschergruppe.de\/it\/wp-json\/wp\/v2\/types\/page"}],"author":[{"embeddable":true,"href":"http:\/\/www.dolmetschergruppe.de\/it\/wp-json\/wp\/v2\/users\/1"}],"replies":[{"embeddable":true,"href":"http:\/\/www.dolmetschergruppe.de\/it\/wp-json\/wp\/v2\/comments?post=1831"}],"version-history":[{"count":7,"href":"http:\/\/www.dolmetschergruppe.de\/it\/wp-json\/wp\/v2\/pages\/1831\/revisions"}],"predecessor-version":[{"id":2314,"href":"http:\/\/www.dolmetschergruppe.de\/it\/wp-json\/wp\/v2\/pages\/1831\/revisions\/2314"}],"wp:attachment":[{"href":"http:\/\/www.dolmetschergruppe.de\/it\/wp-json\/wp\/v2\/media?parent=1831"}],"curies":[{"name":"wp","href":"https:\/\/api.w.org\/{rel}","templated":true}]}}