{"id":1424,"date":"2017-11-15T18:00:46","date_gmt":"2017-11-15T17:00:46","guid":{"rendered":"http:\/\/www.dolmetschergruppe.de\/en\/?page_id=1424"},"modified":"2022-03-22T11:08:59","modified_gmt":"2022-03-22T10:08:59","slug":"ritschel-en","status":"publish","type":"page","link":"http:\/\/www.dolmetschergruppe.de\/en\/ritschel-en\/","title":{"rendered":"Ritschel-en"},"content":{"rendered":"<p>[et_pb_section fb_built=&#8220;1&#8243; admin_label=&#8220;section&#8220; module_id=&#8220;header&#8220; _builder_version=&#8220;3.22&#8243; background_color=&#8220;rgba(255,255,255,0)&#8220; custom_padding=&#8220;0px|0px|0px|0px&#8220; transparent_background=&#8220;off&#8220; make_fullwidth=&#8220;off&#8220; use_custom_width=&#8220;off&#8220; width_unit=&#8220;on&#8220;][et_pb_row module_id=&#8220;sprachen-mobile&#8220; _builder_version=&#8220;3.25&#8243; background_size=&#8220;initial&#8220; background_position=&#8220;top_left&#8220; background_repeat=&#8220;repeat&#8220; width=&#8220;100%&#8220; max_width=&#8220;100%&#8220; make_fullwidth=&#8220;off&#8220; use_custom_width=&#8220;on&#8220; width_unit=&#8220;off&#8220; custom_width_px=&#8220;960px&#8220; custom_width_percent=&#8220;100%&#8220;][et_pb_column type=&#8220;4_4&#8243; _builder_version=&#8220;3.0.47&#8243; custom_padding=&#8220;|||&#8220; custom_padding__hover=&#8220;|||&#8220;][et_pb_sidebar area=&#8220;et_pb_widget_area_3&#8243; show_border=&#8220;on&#8220; admin_label=&#8220;Box f\u00fcr Button Sprachversion&#8220; _builder_version=&#8220;3.0.74&#8243; remove_border=&#8220;off&#8220;][\/et_pb_sidebar][et_pb_sidebar area=&#8220;et_pb_widget_area_5&#8243; show_border=&#8220;on&#8220; admin_label=&#8220;Box f\u00fcr Button Sprachversion&#8220; _builder_version=&#8220;3.0.74&#8243; remove_border=&#8220;off&#8220;][\/et_pb_sidebar][\/et_pb_column][\/et_pb_row][et_pb_row module_class=&#8220;box-pict-head et_pb_row_fullwidth et_pb_row_fullwidth et_pb_row_fullwidth&#8220; _builder_version=&#8220;3.25&#8243; background_color=&#8220;rgba(255,255,255,0)&#8220; background_size=&#8220;initial&#8220; background_position=&#8220;top_left&#8220; background_repeat=&#8220;repeat&#8220; width=&#8220;100%&#8220; width_tablet=&#8220;100%&#8220; width_phone=&#8220;&#8220; width_last_edited=&#8220;on|desktop&#8220; max_width=&#8220;100%&#8220; max_width_tablet=&#8220;100%&#8220; max_width_phone=&#8220;&#8220; max_width_last_edited=&#8220;on|desktop&#8220; make_fullwidth=&#8220;on&#8220; use_custom_width=&#8220;off&#8220; width_unit=&#8220;on&#8220; column_structure=&#8220;3_4,1_4&#8243;][et_pb_column type=&#8220;3_4&#8243; _builder_version=&#8220;3.0.47&#8243; background_color=&#8220;#ffffff&#8220; custom_padding=&#8220;|||&#8220; custom_padding__hover=&#8220;|||&#8220;][et_pb_image src=&#8220;http:\/\/www.dolmetschergruppe.de\/en\/wp-content\/uploads\/sites\/3\/2017\/11\/pict_head_home.jpg&#8220; show_bottom_space=&#8220;off&#8220; align_tablet=&#8220;center&#8220; align_phone=&#8220;&#8220; align_last_edited=&#8220;on|desktop&#8220; module_class=&#8220;pict-head&#8220; _builder_version=&#8220;3.23&#8243; animation=&#8220;off&#8220; sticky=&#8220;on&#8220; use_border_color=&#8220;off&#8220; border_color=&#8220;#ffffff&#8220; border_style=&#8220;solid&#8220; always_center_on_mobile=&#8220;on&#8220;][\/et_pb_image][\/et_pb_column][et_pb_column type=&#8220;1_4&#8243; _builder_version=&#8220;3.0.47&#8243; background_color=&#8220;#ffffff&#8220; custom_padding=&#8220;|||&#8220; custom_padding__hover=&#8220;|||&#8220;][et_pb_image src=&#8220;http:\/\/www.dolmetschergruppe.de\/en\/wp-content\/uploads\/sites\/3\/2017\/11\/logo-big.png&#8220; alt=&#8220;Dolmetschergruppe Frankfurt&#8220; show_bottom_space=&#8220;off&#8220; align_tablet=&#8220;center&#8220; align_phone=&#8220;&#8220; align_last_edited=&#8220;on|desktop&#8220; admin_label=&#8220;Logo&#8220; module_class=&#8220;logo&#8220; _builder_version=&#8220;3.23&#8243; custom_margin=&#8220;0px|0px|0px|0px&#8220; animation=&#8220;off&#8220; sticky=&#8220;on&#8220; use_border_color=&#8220;off&#8220; border_color=&#8220;#ffffff&#8220; border_style=&#8220;solid&#8220; always_center_on_mobile=&#8220;on&#8220;][\/et_pb_image][\/et_pb_column][\/et_pb_row][\/et_pb_section][et_pb_section fb_built=&#8220;1&#8243; module_id=&#8220;content&#8220; _builder_version=&#8220;3.22&#8243; background_color=&#8220;rgba(255,255,255,0)&#8220; background_image=&#8220;http:\/\/www.dolmetschergruppe.de\/en\/wp-content\/uploads\/sites\/3\/2017\/11\/bg.png&#8220; custom_css_main_element=&#8220;background-position:0; background-repeat:repeat-y; background-size:1130px 100% !important;&#8220; transparent_background=&#8220;on&#8220; make_fullwidth=&#8220;off&#8220; use_custom_width=&#8220;off&#8220; width_unit=&#8220;on&#8220;][et_pb_row make_equal=&#8220;on&#8220; module_class=&#8220; et_pb_row_fullwidth et_pb_row_fullwidth et_pb_row_fullwidth&#8220; _builder_version=&#8220;3.25&#8243; background_size=&#8220;initial&#8220; background_position=&#8220;top_left&#8220; background_repeat=&#8220;repeat&#8220; width=&#8220;100%&#8220; width_tablet=&#8220;100%&#8220; width_phone=&#8220;&#8220; width_last_edited=&#8220;on|desktop&#8220; max_width=&#8220;100%&#8220; max_width_tablet=&#8220;100%&#8220; max_width_phone=&#8220;&#8220; max_width_last_edited=&#8220;on|desktop&#8220; make_fullwidth=&#8220;on&#8220; use_custom_width=&#8220;off&#8220; width_unit=&#8220;on&#8220; column_structure=&#8220;1_4,1_2,1_4&#8243;][et_pb_column type=&#8220;1_4&#8243; module_class=&#8220;left-column&#8220; _builder_version=&#8220;3.0.47&#8243; background_color=&#8220;rgba(224,43,32,0)&#8220; custom_padding=&#8220;|||&#8220; custom_padding__hover=&#8220;|||&#8220;][et_pb_sidebar area=&#8220;et_pb_widget_area_1&#8243; admin_label=&#8220;Mainmenu&#8220; module_class=&#8220;mainmenu&#8220; _builder_version=&#8220;3.0.83&#8243; remove_border=&#8220;off&#8220;][\/et_pb_sidebar][et_pb_image src=&#8220;http:\/\/www.dolmetschergruppe.de\/en\/wp-content\/uploads\/sites\/3\/2017\/11\/ritschel.jpg&#8220; align=&#8220;center&#8220; align_tablet=&#8220;center&#8220; align_phone=&#8220;&#8220; align_last_edited=&#8220;on|desktop&#8220; module_class=&#8220;pict-portrait&#8220; _builder_version=&#8220;3.23&#8243; animation=&#8220;off&#8220; sticky=&#8220;off&#8220; use_border_color=&#8220;off&#8220; border_color=&#8220;#ffffff&#8220; border_style=&#8220;solid&#8220; always_center_on_mobile=&#8220;on&#8220;][\/et_pb_image][et_pb_text module_class=&#8220;bu-person&#8220; _builder_version=&#8220;3.27.4&#8243; background_size=&#8220;initial&#8220; background_position=&#8220;top_left&#8220; background_repeat=&#8220;repeat&#8220; module_alignment=&#8220;left&#8220; use_border_color=&#8220;off&#8220; border_color=&#8220;#ffffff&#8220; border_style=&#8220;solid&#8220;]<\/p>\n<p>\nDr. Katarzyna Ritschel<\/p>\n<p>[\/et_pb_text][\/et_pb_column][et_pb_column type=&#8220;1_2&#8243; module_class=&#8220;content person&#8220; _builder_version=&#8220;3.0.47&#8243; background_color=&#8220;#ecf4f3&#8243; custom_padding=&#8220;|||&#8220; custom_padding__hover=&#8220;|||&#8220;][et_pb_text admin_label=&#8220;Name&#8220; _builder_version=&#8220;3.27.4&#8243; background_size=&#8220;initial&#8220; background_position=&#8220;top_left&#8220; background_repeat=&#8220;repeat&#8220; module_alignment=&#8220;left&#8220; use_border_color=&#8220;off&#8220; border_color=&#8220;#ffffff&#8220; border_style=&#8220;solid&#8220;]<\/p>\n<table>\n<tbody>\n<tr>\n<td class=\"info\">Name<\/td>\n<td class=\"daten\"><strong>Dr. Katarzyna Ritschel<\/strong><\/td>\n<\/tr>\n<\/tbody>\n<\/table>\n<p>[\/et_pb_text][et_pb_divider show_divider=&#8220;off&#8220; disabled_on=&#8220;on|on|off&#8220; _builder_version=&#8220;3.2&#8243; height=&#8220;10px&#8220; hide_on_mobile=&#8220;on&#8220;][\/et_pb_divider][et_pb_text admin_label=&#8220;Adresse&#8220; _builder_version=&#8220;3.27.4&#8243; background_size=&#8220;initial&#8220; background_position=&#8220;top_left&#8220; background_repeat=&#8220;repeat&#8220; module_alignment=&#8220;left&#8220; use_border_color=&#8220;off&#8220; border_color=&#8220;#ffffff&#8220; border_style=&#8220;solid&#8220;]<\/p>\n<table>\n<tbody>\n<tr>\n<td class=\"info\">Street \/ No.<\/td>\n<td class=\"daten\">Gro\u00dfe Friedberger Str. 30<\/td>\n<\/tr>\n<tr>\n<td class=\"info\">Postcode \/ Town<\/td>\n<td class=\"daten\">60313 Frankfurt am Main<\/td>\n<\/tr>\n<tr>\n<td class=\"info\">Telephone<\/td>\n<td class=\"daten\"><a href=\"tel:+49-6915048488\">069 \u2013 150 48 488<\/a><\/td>\n<\/tr>\n<tr>\n<td class=\"info\">Mobile<\/td>\n<td class=\"daten\"><a href=\"tel:+49-16094436655\">0160 &#8211; 944 366 55<\/a><\/td>\n<\/tr>\n<tr>\n<td class=\"info\">Fax<\/td>\n<td class=\"daten\"><a href=\"tel:+49-6915048486\">069 \u2013 150 48 486<\/a><\/td>\n<\/tr>\n<tr>\n<td class=\"info\">Email<\/td>\n<td class=\"daten\"><a href=\"mailto:&#107;a&#116;a&#114;z&#121;n&#97;.ri&#116;sche&#108;&#64;do&#108;me&#116;scherg&#114;&#117;p&#112;&#101;&#46;&#100;&#101;\">&#107;atar&#122;yn&#97;.&#114;&#105;t&#115;&#99;h&#101;&#108;&#64;d&#111;lm&#101;t&#115;&#99;her&#103;&#114;u&#112;&#112;&#101;&#46;&#100;&#101;<\/a><\/td>\n<\/tr>\n<\/tbody>\n<\/table>\n<p>[\/et_pb_text][et_pb_divider show_divider=&#8220;off&#8220; disabled_on=&#8220;on|on|off&#8220; _builder_version=&#8220;3.2&#8243; height=&#8220;10px&#8220; hide_on_mobile=&#8220;on&#8220;][\/et_pb_divider][et_pb_text admin_label=&#8220;Qualifikation\/Person&#8220; _builder_version=&#8220;3.27.4&#8243; background_size=&#8220;initial&#8220; background_position=&#8220;top_left&#8220; background_repeat=&#8220;repeat&#8220; module_alignment=&#8220;left&#8220; z_index_tablet=&#8220;500&#8243; text_text_shadow_horizontal_length_tablet=&#8220;0px&#8220; text_text_shadow_vertical_length_tablet=&#8220;0px&#8220; text_text_shadow_blur_strength_tablet=&#8220;1px&#8220; link_text_shadow_horizontal_length_tablet=&#8220;0px&#8220; link_text_shadow_vertical_length_tablet=&#8220;0px&#8220; link_text_shadow_blur_strength_tablet=&#8220;1px&#8220; ul_text_shadow_horizontal_length_tablet=&#8220;0px&#8220; ul_text_shadow_vertical_length_tablet=&#8220;0px&#8220; ul_text_shadow_blur_strength_tablet=&#8220;1px&#8220; ol_text_shadow_horizontal_length_tablet=&#8220;0px&#8220; ol_text_shadow_vertical_length_tablet=&#8220;0px&#8220; ol_text_shadow_blur_strength_tablet=&#8220;1px&#8220; quote_text_shadow_horizontal_length_tablet=&#8220;0px&#8220; quote_text_shadow_vertical_length_tablet=&#8220;0px&#8220; quote_text_shadow_blur_strength_tablet=&#8220;1px&#8220; header_text_shadow_horizontal_length_tablet=&#8220;0px&#8220; header_text_shadow_vertical_length_tablet=&#8220;0px&#8220; header_text_shadow_blur_strength_tablet=&#8220;1px&#8220; header_2_text_shadow_horizontal_length_tablet=&#8220;0px&#8220; header_2_text_shadow_vertical_length_tablet=&#8220;0px&#8220; header_2_text_shadow_blur_strength_tablet=&#8220;1px&#8220; header_3_text_shadow_horizontal_length_tablet=&#8220;0px&#8220; header_3_text_shadow_vertical_length_tablet=&#8220;0px&#8220; header_3_text_shadow_blur_strength_tablet=&#8220;1px&#8220; header_4_text_shadow_horizontal_length_tablet=&#8220;0px&#8220; header_4_text_shadow_vertical_length_tablet=&#8220;0px&#8220; header_4_text_shadow_blur_strength_tablet=&#8220;1px&#8220; header_5_text_shadow_horizontal_length_tablet=&#8220;0px&#8220; header_5_text_shadow_vertical_length_tablet=&#8220;0px&#8220; header_5_text_shadow_blur_strength_tablet=&#8220;1px&#8220; header_6_text_shadow_horizontal_length_tablet=&#8220;0px&#8220; header_6_text_shadow_vertical_length_tablet=&#8220;0px&#8220; header_6_text_shadow_blur_strength_tablet=&#8220;1px&#8220; box_shadow_horizontal_tablet=&#8220;0px&#8220; box_shadow_vertical_tablet=&#8220;0px&#8220; box_shadow_blur_tablet=&#8220;40px&#8220; box_shadow_spread_tablet=&#8220;0px&#8220; use_border_color=&#8220;off&#8220;]<\/p>\n<table>\n<tbody>\n<tr>\n<td class=\"info\">Qualifications<\/td>\n<td class=\"daten\">Certified interpreter and translator for Polish, German, English, Spanish and Russian; Member of the German Federal Association of Interpreters and Translators (BD\u00dc)<\/td>\n<\/tr>\n<tr>\n<td class=\"info\">Working since<\/td>\n<td class=\"daten\">2001<\/td>\n<\/tr>\n<tr>\n<td class=\"info\">Personal details<\/td>\n<td class=\"daten\">Studied in Germany and Poland. International professional experience in Belgium, France, the United Kingdom, Italy and in the ex-Soviet central Asian states.<\/td>\n<\/tr>\n<\/tbody>\n<\/table>\n<p>[\/et_pb_text][et_pb_divider show_divider=&#8220;off&#8220; disabled_on=&#8220;on|on|off&#8220; _builder_version=&#8220;3.2&#8243; height=&#8220;10px&#8220; hide_on_mobile=&#8220;on&#8220;][\/et_pb_divider][et_pb_text admin_label=&#8220;Steuernummer, Aufsichtsbeh\u00f6rde&#8220; _builder_version=&#8220;3.27.4&#8243; background_size=&#8220;initial&#8220; background_position=&#8220;top_left&#8220; background_repeat=&#8220;repeat&#8220; module_alignment=&#8220;left&#8220; use_border_color=&#8220;off&#8220; border_color=&#8220;#ffffff&#8220; border_style=&#8220;solid&#8220;]<\/p>\n<table>\n<tbody>\n<tr>\n<td class=\"info\">VAT identification number<\/td>\n<td class=\"daten\">DE 243729580<\/td>\n<\/tr>\n<\/tbody>\n<\/table>\n<p>[\/et_pb_text][et_pb_divider show_divider=&#8220;off&#8220; disabled_on=&#8220;on|on|off&#8220; _builder_version=&#8220;3.2&#8243; height=&#8220;10px&#8220; hide_on_mobile=&#8220;on&#8220;][\/et_pb_divider][et_pb_text admin_label=&#8220;Sprachen&#8220; _builder_version=&#8220;4.7.7&#8243; background_size=&#8220;initial&#8220; background_position=&#8220;top_left&#8220; background_repeat=&#8220;repeat&#8220; module_alignment=&#8220;left&#8220; hover_enabled=&#8220;0&#8243; use_border_color=&#8220;off&#8220; border_color=&#8220;#ffffff&#8220; border_style=&#8220;solid&#8220; sticky_enabled=&#8220;0&#8243;]<\/p>\n<table>\n<tbody>\n<tr>\n<td class=\"info\">Languages<\/td>\n<td class=\"daten\">Polish (mother tongue)<br \/> German (1st working language)<br \/> English, Russian, Spanish (2nd working languages)<\/td>\n<\/tr>\n<\/tbody>\n<\/table>\n<p>&nbsp;<\/p>\n<p>[\/et_pb_text][et_pb_divider show_divider=&#8220;off&#8220; disabled_on=&#8220;on|on|off&#8220; _builder_version=&#8220;3.2&#8243; height=&#8220;10px&#8220; hide_on_mobile=&#8220;on&#8220;][\/et_pb_divider][et_pb_text admin_label=&#8220;Einsatzformen&#8220; _builder_version=&#8220;3.27.4&#8243; background_size=&#8220;initial&#8220; background_position=&#8220;top_left&#8220; background_repeat=&#8220;repeat&#8220; module_alignment=&#8220;left&#8220; use_border_color=&#8220;off&#8220; border_color=&#8220;#ffffff&#8220; border_style=&#8220;solid&#8220;]<\/p>\n<table>\n<tbody>\n<tr>\n<td class=\"info\">Types of interpreting \/ translation<\/td>\n<td class=\"daten liste \">\n<ul>\n<li>Simultaneous interpreting<\/li>\n<li>Consecutive interpreting<\/li>\n<li>Liaison interpreting<\/li>\n<li>Whispering \/ chuchotage<\/li>\n<li>Translation<\/li>\n<\/ul>\n<\/td>\n<\/tr>\n<\/tbody>\n<\/table>\n<p>[\/et_pb_text][et_pb_divider show_divider=&#8220;off&#8220; disabled_on=&#8220;on|on|off&#8220; _builder_version=&#8220;3.2&#8243; height=&#8220;10px&#8220; hide_on_mobile=&#8220;on&#8220;][\/et_pb_divider][et_pb_text admin_label=&#8220;Fachgebiete&#8220; _builder_version=&#8220;3.27.4&#8243; background_size=&#8220;initial&#8220; background_position=&#8220;top_left&#8220; background_repeat=&#8220;repeat&#8220; module_alignment=&#8220;left&#8220; use_border_color=&#8220;off&#8220; border_color=&#8220;#ffffff&#8220; border_style=&#8220;solid&#8220;]<\/p>\n<table>\n<tbody>\n<tr>\n<td class=\"info\">Specialist subjects<\/td>\n<td class=\"daten\">European Union, medicine, politics, law: criminal and civil law, references; business: foreign trade, automotive, marketing, accounting, taxation, technology, law, politics, media (interviews), meetings, medicine, industry<br \/>\nT\u0142umaczenia przysi\u0119g\u0142e i zwyk\u0142e w formie pisemnej i ustnej na j\u0119zyk polski i niemiecki dla urz\u0119d\u00f3w, s\u0105d\u00f3w, klient\u00f3w indywidualnych i firm.<br \/>\nT\u0142umaczenia \u015bwiadectw, pism, um\u00f3w, broszur i innych;<br \/>\nT\u0142umaczenia konferencyjne, t\u0142umaczenia rozm\u00f3w handlowych i t\u0142umaczenia podczas zawierania um\u00f3w notarialnych.<br \/>\nEn mi calidad de Traductor P\u00fablico y Jurado de Espa\u00f1ol y Alem\u00e1n, estoy autorizado a hacer traducciones oficiales legalizadas de todo tipo de documentos del alem\u00e1n al espa\u00f1ol y viceversa.<br \/>\n\u041f\u0438\u0441\u044c\u043c\u0435\u043d\u043d\u044b\u0435 \u0438 \u0443\u0441\u0442\u043d\u044b\u0435 \u043f\u0435\u0440\u0435\u0432\u043e\u0434\u044b \u0441 \u0440\u0443\u0441\u0441\u043a\u043e\u0433\u043e \u044f\u0437\u044b\u043a\u0430 \u043d\u0430 \u043d\u0435\u043c\u0435\u0446\u043a\u0438\u0439 \u0438 \u0441 \u043d\u0435\u043c\u0435\u0446\u043a\u043e\u0433\u043e \u043d\u0430 \u0440\u0443\u0441\u0441\u043a\u0438\u0439 \u0441 \u0437\u0430\u0432\u0435\u0440\u0435\u043d\u0438\u0435\u043c.<\/td>\n<\/tr>\n<\/tbody>\n<\/table>\n<p>[\/et_pb_text][\/et_pb_column][et_pb_column type=&#8220;1_4&#8243; module_class=&#8220;right-column&#8220; _builder_version=&#8220;3.0.47&#8243; background_color=&#8220;#ffffff&#8220; custom_padding=&#8220;|||&#8220; custom_padding__hover=&#8220;|||&#8220;][et_pb_sidebar area=&#8220;et_pb_widget_area_4&#8243; admin_label=&#8220;German&#8220; module_class=&#8220;sprachversion&#8220; _builder_version=&#8220;3.0.83&#8243; remove_border=&#8220;off&#8220;][\/et_pb_sidebar][et_pb_sidebar area=&#8220;et_pb_widget_area_3&#8243; admin_label=&#8220;French&#8220; module_class=&#8220;sprachversion&#8220; _builder_version=&#8220;3.0.83&#8243; remove_border=&#8220;off&#8220;][\/et_pb_sidebar][\/et_pb_column][\/et_pb_row][\/et_pb_section]<\/p>\n","protected":false},"excerpt":{"rendered":"<p>Dr. Katarzyna Ritschel Name Dr. Katarzyna Ritschel Street \/ No. Gro\u00dfe Friedberger Str. 30 Postcode \/ Town 60313 Frankfurt am Main Telephone 069 \u2013 150 48 488 Mobile 0160 &#8211; 944 366 55 Fax 069 \u2013 150 48 486 Email <a href=\"mailto:&#107;&#97;ta&#114;z&#121;&#110;&#97;&#46;r&#105;tsc&#104;&#101;&#108;&#64;d&#111;lme&#116;s&#99;he&#114;grup&#112;&#101;.d&#101;\">ka&#116;&#97;rz&#121;&#110;a&#46;r&#105;&#116;&#115;&#99;&#104;&#101;&#108;&#64;&#100;o&#108;m&#101;t&#115;&#99;&#104;&#101;r&#103;&#114;&#117;p&#112;&#101;.de<\/a> QualificationsCertified interpreter and translator for Polish, German, English, Spanish and Russian; Member of the [&hellip;]<\/p>\n","protected":false},"author":1,"featured_media":0,"parent":0,"menu_order":40,"comment_status":"closed","ping_status":"closed","template":"","meta":{"_et_pb_use_builder":"on","_et_pb_old_content":"","_et_gb_content_width":""},"_links":{"self":[{"href":"http:\/\/www.dolmetschergruppe.de\/en\/wp-json\/wp\/v2\/pages\/1424"}],"collection":[{"href":"http:\/\/www.dolmetschergruppe.de\/en\/wp-json\/wp\/v2\/pages"}],"about":[{"href":"http:\/\/www.dolmetschergruppe.de\/en\/wp-json\/wp\/v2\/types\/page"}],"author":[{"embeddable":true,"href":"http:\/\/www.dolmetschergruppe.de\/en\/wp-json\/wp\/v2\/users\/1"}],"replies":[{"embeddable":true,"href":"http:\/\/www.dolmetschergruppe.de\/en\/wp-json\/wp\/v2\/comments?post=1424"}],"version-history":[{"count":5,"href":"http:\/\/www.dolmetschergruppe.de\/en\/wp-json\/wp\/v2\/pages\/1424\/revisions"}],"predecessor-version":[{"id":1781,"href":"http:\/\/www.dolmetschergruppe.de\/en\/wp-json\/wp\/v2\/pages\/1424\/revisions\/1781"}],"wp:attachment":[{"href":"http:\/\/www.dolmetschergruppe.de\/en\/wp-json\/wp\/v2\/media?parent=1424"}],"curies":[{"name":"wp","href":"https:\/\/api.w.org\/{rel}","templated":true}]}}